








{"id":110,"date":"2024-11-06T05:08:48","date_gmt":"2024-11-06T05:08:48","guid":{"rendered":"https:\/\/vn.ikyellowpaper.com\/?page_id=110"},"modified":"2025-06-30T04:36:32","modified_gmt":"2025-06-30T04:36:32","slug":"sustainability-2","status":"publish","type":"page","link":"https:\/\/vn.ikyellowpaper.com\/vi\/sustainability-2\/","title":{"rendered":"PH\u00c1T TRI\u1ec2N B\u1ec0N V\u1eeeNG"},"content":{"rendered":"<div data-elementor-type=\"wp-page\" data-elementor-id=\"110\" class=\"elementor elementor-110\" data-elementor-post-type=\"page\">\n\t\t\t\t<div class=\"elementor-element elementor-element-dcfb782 e-con-full e-flex e-con e-parent\" data-id=\"dcfb782\" data-element_type=\"container\" data-settings=\"{&quot;background_background&quot;:&quot;classic&quot;,&quot;background_motion_fx_motion_fx_scrolling&quot;:&quot;yes&quot;,&quot;background_motion_fx_blur_effect&quot;:&quot;yes&quot;,&quot;background_motion_fx_blur_level&quot;:{&quot;unit&quot;:&quot;px&quot;,&quot;size&quot;:4.896,&quot;sizes&quot;:[]},&quot;jet_parallax_layout_list&quot;:[],&quot;background_motion_fx_blur_direction&quot;:&quot;out-in&quot;,&quot;background_motion_fx_blur_range&quot;:{&quot;unit&quot;:&quot;%&quot;,&quot;size&quot;:&quot;&quot;,&quot;sizes&quot;:{&quot;start&quot;:20,&quot;end&quot;:80}},&quot;background_motion_fx_devices&quot;:[&quot;widescreen&quot;,&quot;desktop&quot;,&quot;laptop&quot;,&quot;tablet_extra&quot;,&quot;tablet&quot;,&quot;mobile&quot;]}\">\n\t\t<div class=\"elementor-element elementor-element-a6cde1d e-flex e-con-boxed e-con e-child\" data-id=\"a6cde1d\" data-element_type=\"container\" data-settings=\"{&quot;jet_parallax_layout_list&quot;:[]}\">\n\t\t\t\t\t<div class=\"e-con-inner\">\n\t\t\t\t<div class=\"elementor-element elementor-element-8ed76a3 elementor-widget elementor-widget-heading\" data-id=\"8ed76a3\" data-element_type=\"widget\" data-widget_type=\"heading.default\">\n\t\t\t\t<div class=\"elementor-widget-container\">\n\t\t\t<h2 class=\"elementor-heading-title elementor-size-default\">B\u1ec1n V\u1eefng<\/h2>\t\t<\/div>\n\t\t\t\t<\/div>\n\t\t\t\t<div class=\"elementor-element elementor-element-1952c26 elementor-widget elementor-widget-heading\" data-id=\"1952c26\" data-element_type=\"widget\" data-widget_type=\"heading.default\">\n\t\t\t\t<div class=\"elementor-widget-container\">\n\t\t\t<p class=\"elementor-heading-title elementor-size-default\">T\u1ea7m nh\u00ecn c\u1ee7a ch\u00fang t\u00f4i bao g\u1ed3m s\u1ea3n xu\u1ea5t hi\u1ec7u qu\u1ea3 v\u00e0 thi\u1ebft k\u1ebf s\u1ea3n ph\u1ea9m s\u00e1ng t\u1ea1o. K\u1ebft h\u1ee3p v\u1edbi c\u00e1c ph\u01b0\u01a1ng ph\u00e1p qu\u1ea3n l\u00fd r\u1eebng c\u00f3 tr\u00e1ch nhi\u1ec7m, ch\u00fang t\u00f4i cung c\u1ea5p s\u1ea3n ph\u1ea9m v\u1edbi t\u00e1c \u0111\u1ed9ng carbon th\u1ea5p \u0111\u1ec3 t\u1ea1o ra m\u1ed9t ng\u00e0y mai b\u1ec1n v\u1eefng h\u01a1n.<\/p>\t\t<\/div>\n\t\t\t\t<\/div>\n\t\t\t\t\t<\/div>\n\t\t\t\t<\/div>\n\t\t\t\t<\/div>\n\t\t\t\t<section class=\"elementor-section elementor-top-section elementor-element elementor-element-81b831b elementor-section-boxed elementor-section-height-default elementor-section-height-default\" data-id=\"81b831b\" data-element_type=\"section\" data-settings=\"{&quot;jet_parallax_layout_list&quot;:[],&quot;background_background&quot;:&quot;classic&quot;}\">\n\t\t\t\t\t\t<div class=\"elementor-container elementor-column-gap-no\">\n\t\t\t\t\t<div class=\"elementor-column elementor-col-100 elementor-top-column elementor-element elementor-element-05774c3\" data-id=\"05774c3\" data-element_type=\"column\">\n\t\t\t<div class=\"elementor-widget-wrap elementor-element-populated\">\n\t\t\t\t\t\t<div class=\"elementor-element elementor-element-2577714 elementor-fixed elementor-widget__width-initial elementor-widget elementor-widget-shortcode\" data-id=\"2577714\" data-element_type=\"widget\" data-settings=\"{&quot;_position&quot;:&quot;fixed&quot;}\" data-widget_type=\"shortcode.default\">\n\t\t\t\t<div class=\"elementor-widget-container\">\n\t\t\t\t\t<div class=\"elementor-shortcode\">\t\t<div data-elementor-type=\"section\" data-elementor-id=\"1882\" class=\"elementor elementor-1882\" data-elementor-post-type=\"elementor_library\">\n\t\t\t<div class=\"elementor-element elementor-element-71c7a8f e-con-full elementor-hidden-widescreen elementor-hidden-desktop elementor-hidden-laptop elementor-hidden-tablet_extra elementor-hidden-tablet elementor-hidden-mobile e-flex e-con e-parent\" data-id=\"71c7a8f\" data-element_type=\"container\" data-settings=\"{&quot;jet_parallax_layout_list&quot;:[]}\">\n\t\t\t\t<\/div>\n\t\t\t\t<\/div>\n\t\t<\/div>\n\t\t\t\t<\/div>\n\t\t\t\t<\/div>\n\t\t\t\t\t<\/div>\n\t\t<\/div>\n\t\t\t\t\t<\/div>\n\t\t<\/section>\n\t\t\t\t<section class=\"elementor-section elementor-top-section elementor-element elementor-element-b72df7e elementor-section-boxed elementor-section-height-default elementor-section-height-default\" data-id=\"b72df7e\" data-element_type=\"section\" data-settings=\"{&quot;jet_parallax_layout_list&quot;:[],&quot;background_background&quot;:&quot;classic&quot;}\">\n\t\t\t\t\t\t<div class=\"elementor-container elementor-column-gap-no\">\n\t\t\t\t\t<div class=\"elementor-column elementor-col-100 elementor-top-column elementor-element elementor-element-19b3012\" data-id=\"19b3012\" data-element_type=\"column\">\n\t\t\t<div class=\"elementor-widget-wrap elementor-element-populated\">\n\t\t\t\t\t\t<div class=\"elementor-element elementor-element-7351e9c elementor-widget elementor-widget-heading\" data-id=\"7351e9c\" data-element_type=\"widget\" data-widget_type=\"heading.default\">\n\t\t\t\t<div class=\"elementor-widget-container\">\n\t\t\t<h2 class=\"elementor-heading-title elementor-size-default\">T\u1ea7m Nh\u00ecn L\u1ed9 Tr\u00ecnh <font color=\"#00944d\">B\u1ec1n V\u1eefng<\/font><\/h2>\t\t<\/div>\n\t\t\t\t<\/div>\n\t\t\t\t<div class=\"elementor-element elementor-element-db901f7 elementor-widget elementor-widget-text-editor\" data-id=\"db901f7\" data-element_type=\"widget\" data-widget_type=\"text-editor.default\">\n\t\t\t\t<div class=\"elementor-widget-container\">\n\t\t\t\t\t\t\t<p>Ra m\u1eaft v\u00e0o n\u0103m 2012, L\u1ed9 Tr\u00ecnh B\u1ec1n V\u1eefng: T\u1ea7m Nh\u00ecn (SRV) 2020 \u0111\u00e3 tr\u1edf th\u00e0nh chi\u1ebfn l\u01b0\u1ee3c to\u00e0n di\u1ec7n c\u1ee7a ch\u00fang t\u00f4i v\u1ec1 b\u1ec1n v\u1eefng. N\u00f3 x\u00e1c \u0111\u1ecbnh m\u01b0\u1eddi l\u0129nh v\u1ef1c t\u00e1c \u0111\u1ed9ng ch\u00ednh li\u00ean quan \u0111\u1ebfn c\u00e1c b\u00ean li\u00ean quan c\u1ee7a ch\u00fang t\u00f4i trong to\u00e0n b\u1ed9 ho\u1ea1t \u0111\u1ed9ng kinh doanh v\u00e0 chu\u1ed7i cung \u1ee9ng r\u1ed9ng l\u1edbn, v\u1edbi c\u00e1c m\u1ee5c ti\u00eau \u0111\u1ea7y tham v\u1ecdng cho t\u1eebng l\u0129nh v\u1ef1c. H\u01a1n n\u1eefa, chi\u1ebfn l\u01b0\u1ee3c n\u00e0y c\u0169ng tr\u00ecnh b\u00e0y c\u00e1ch ti\u1ebfp c\u1eadn c\u1ee7a ch\u00fang t\u00f4i \u0111\u1ec3 ti\u1ebfp t\u1ee5c h\u1ed7 tr\u1ee3 c\u00e1c M\u1ee5c ti\u00eau Ph\u00e1t tri\u1ec3n B\u1ec1n v\u1eefng (SDGs).<\/p>\t\t\t\t\t\t<\/div>\n\t\t\t\t<\/div>\n\t\t\t\t<div class=\"elementor-element elementor-element-a739f33 elementor-widget elementor-widget-text-editor\" data-id=\"a739f33\" data-element_type=\"widget\" data-widget_type=\"text-editor.default\">\n\t\t\t\t<div class=\"elementor-widget-container\">\n\t\t\t\t\t\t\t<p>17 M\u1ee5c ti\u00eau Ph\u00e1t tri\u1ec3n B\u1ec1n v\u1eefng (SDGs) l\u00e0 l\u1eddi k\u00eau g\u1ecdi h\u00e0nh \u0111\u1ed9ng kh\u1ea9n c\u1ea5p t\u1eeb t\u1ea5t c\u1ea3 c\u00e1c qu\u1ed1c gia \u2013 c\u1ea3 ph\u00e1t tri\u1ec3n v\u00e0 \u0111ang ph\u00e1t tri\u1ec3n \u2013 trong m\u1ed9t m\u1ed1i quan h\u1ec7 \u0111\u1ed1i t\u00e1c to\u00e0n c\u1ea7u. Ch\u00fang c\u00f4ng nh\u1eadn r\u1eb1ng vi\u1ec7c ch\u1ea5m d\u1ee9t \u0111\u00f3i ngh\u00e8o v\u00e0 c\u00e1c thi\u1ebfu th\u1ed1n kh\u00e1c ph\u1ea3i \u0111i \u0111\u00f4i v\u1edbi m\u1ed9t s\u1ed1 chi\u1ebfn l\u01b0\u1ee3c c\u00f3 th\u1ec3 c\u1ea3i thi\u1ec7n s\u1ee9c kh\u1ecfe v\u00e0 gi\u00e1o d\u1ee5c, gi\u1ea3m b\u1ea5t b\u00ecnh \u0111\u1eb3ng v\u00e0 th\u00fac \u0111\u1ea9y t\u0103ng tr\u01b0\u1edfng kinh t\u1ebf \u2013 t\u1ea5t c\u1ea3 trong khi gi\u1ea3i quy\u1ebft bi\u1ebfn \u0111\u1ed5i kh\u00ed h\u1eadu v\u00e0 l\u00e0m vi\u1ec7c \u0111\u1ec3 b\u1ea3o t\u1ed3n \u0111\u1ea1i d\u01b0\u01a1ng v\u00e0 r\u1eebng c\u1ee7a ch\u00fang ta.<\/p>\t\t\t\t\t\t<\/div>\n\t\t\t\t<\/div>\n\t\t\t\t<div class=\"elementor-element elementor-element-d9489f1 elementor-widget elementor-widget-text-editor\" data-id=\"d9489f1\" data-element_type=\"widget\" data-widget_type=\"text-editor.default\">\n\t\t\t\t<div class=\"elementor-widget-container\">\n\t\t\t\t\t\t\t<p>Trong khi \u0111\u1ea1i \u0111a s\u1ed1 c\u00e1c m\u1ee5c ti\u00eau c\u1ee7a ch\u00fang t\u00f4i trong SRV 2020 \u0111\u00e3 \u0111\u1ea1t \u0111\u01b0\u1ee3c, v\u1edbi nh\u1eefng ph\u00e1t tri\u1ec3n g\u1ea7n \u0111\u00e2y, ch\u00fang t\u00f4i nh\u1eadn th\u1ea5y r\u1eb1ng c\u1ea7n m\u1edf r\u1ed9ng ph\u1ea1m vi cam k\u1ebft v\u1ec1 b\u1ec1n v\u1eefng. V\u1edbi nh\u1eadn th\u1ee9c \u0111\u00f3, ch\u00fang t\u00f4i \u0111\u00e3 t\u1ea1o ra SRV 2030 th\u00f4ng qua m\u1ed9t cu\u1ed9c \u0111\u00e1nh gi\u00e1 to\u00e0n di\u1ec7n t\u1eeb \u0111\u1ed9i ng\u0169 n\u1ed9i b\u1ed9 v\u00e0 c\u00e1c ngu\u1ed3n l\u1ef1c b\u00ean ngo\u00e0i. So v\u1edbi SRV 2020, s\u1ef1 ti\u1ebfn h\u00f3a n\u00e0y bao g\u1ed3m m\u1ed9t ph\u1ea1m vi v\u1ea5n \u0111\u1ec1 r\u1ed9ng h\u01a1n v\u00e0 ph\u00f9 h\u1ee3p t\u1ed1t v\u1edbi C\u00e1c M\u1ee5c Ti\u00eau Ph\u00e1t Tri\u1ec3n B\u1ec1n V\u1eefng c\u1ee7a Li\u00ean H\u1ee3p Qu\u1ed1c v\u00e0 Hi\u1ec7p \u0111\u1ecbnh Paris v\u1ec1 Bi\u1ebfn \u0111\u1ed5i Kh\u00ed h\u1eadu.<\/p>\t\t\t\t\t\t<\/div>\n\t\t\t\t<\/div>\n\t\t\t\t\t<\/div>\n\t\t<\/div>\n\t\t\t\t\t<\/div>\n\t\t<\/section>\n\t\t\t\t<section class=\"elementor-section elementor-top-section elementor-element elementor-element-a087048 elementor-section-boxed elementor-section-height-default elementor-section-height-default\" data-id=\"a087048\" data-element_type=\"section\" data-settings=\"{&quot;jet_parallax_layout_list&quot;:[],&quot;background_background&quot;:&quot;gradient&quot;,&quot;shape_divider_top&quot;:&quot;waves&quot;,&quot;shape_divider_top_negative&quot;:&quot;yes&quot;}\">\n\t\t\t\t\t<div class=\"elementor-shape elementor-shape-top\" data-negative=\"true\">\n\t\t\t<svg xmlns=\"http:\/\/www.w3.org\/2000\/svg\" viewbox=\"0 0 1000 100\" preserveaspectratio=\"none\">\n\t<path class=\"elementor-shape-fill\" d=\"M790.5,93.1c-59.3-5.3-116.8-18-192.6-50c-29.6-12.7-76.9-31-100.5-35.9c-23.6-4.9-52.6-7.8-75.5-5.3\tc-10.2,1.1-22.6,1.4-50.1,7.4c-27.2,6.3-58.2,16.6-79.4,24.7c-41.3,15.9-94.9,21.9-134,22.6C72,58.2,0,25.8,0,25.8V100h1000V65.3\tc0,0-51.5,19.4-106.2,25.7C839.5,97,814.1,95.2,790.5,93.1z\"\/>\n<\/svg>\t\t<\/div>\n\t\t\t\t\t<div class=\"elementor-container elementor-column-gap-no\">\n\t\t\t\t\t<div class=\"elementor-column elementor-col-100 elementor-top-column elementor-element elementor-element-ce307ff\" data-id=\"ce307ff\" data-element_type=\"column\">\n\t\t\t<div class=\"elementor-widget-wrap elementor-element-populated\">\n\t\t\t\t\t\t<section class=\"elementor-section elementor-inner-section elementor-element elementor-element-e4b7494 elementor-section-full_width elementor-section-height-default elementor-section-height-default\" data-id=\"e4b7494\" data-element_type=\"section\" data-settings=\"{&quot;jet_parallax_layout_list&quot;:[]}\">\n\t\t\t\t\t\t<div class=\"elementor-container elementor-column-gap-no\">\n\t\t\t\t\t<div class=\"elementor-column elementor-col-100 elementor-inner-column elementor-element elementor-element-fd65b2f\" data-id=\"fd65b2f\" data-element_type=\"column\">\n\t\t\t<div class=\"elementor-widget-wrap elementor-element-populated\">\n\t\t\t\t\t\t<div class=\"elementor-element elementor-element-721bddd elementor-widget elementor-widget-heading\" data-id=\"721bddd\" data-element_type=\"widget\" data-widget_type=\"heading.default\">\n\t\t\t\t<div class=\"elementor-widget-container\">\n\t\t\t<h2 class=\"elementor-heading-title elementor-size-default\"><font color=\"#00944d\">H\u00e0nh Tr\u00ecnh H\u01b0\u1edbng T\u1edbi <\/font>B\u1ec1n V\u1eefng<\/h2>\t\t<\/div>\n\t\t\t\t<\/div>\n\t\t\t\t<div class=\"elementor-element elementor-element-0c7c599 elementor-hidden-mobile elementor-widget elementor-widget-image\" data-id=\"0c7c599\" data-element_type=\"widget\" data-widget_type=\"image.default\">\n\t\t\t\t<div class=\"elementor-widget-container\">\n\t\t\t\t\t\t\t\t\t\t\t\t\t<img fetchpriority=\"high\" decoding=\"async\" width=\"800\" height=\"521\" src=\"https:\/\/vn.ikyellowpaper.com\/wp-content\/uploads\/2024\/11\/IK-Yellow-website-element-57-1-1024x667.png\" class=\"attachment-large size-large wp-image-2071\" alt=\"\" srcset=\"https:\/\/vn.ikyellowpaper.com\/wp-content\/uploads\/2024\/11\/IK-Yellow-website-element-57-1-1024x667.png 1024w, https:\/\/vn.ikyellowpaper.com\/wp-content\/uploads\/2024\/11\/IK-Yellow-website-element-57-1-300x196.png 300w, https:\/\/vn.ikyellowpaper.com\/wp-content\/uploads\/2024\/11\/IK-Yellow-website-element-57-1-768x501.png 768w, https:\/\/vn.ikyellowpaper.com\/wp-content\/uploads\/2024\/11\/IK-Yellow-website-element-57-1-1536x1001.png 1536w, https:\/\/vn.ikyellowpaper.com\/wp-content\/uploads\/2024\/11\/IK-Yellow-website-element-57-1-2048x1335.png 2048w\" sizes=\"(max-width: 800px) 100vw, 800px\" \/>\t\t\t\t\t\t\t\t\t\t\t\t\t<\/div>\n\t\t\t\t<\/div>\n\t\t\t\t<div class=\"elementor-element elementor-element-d3f9e89 elementor-hidden-widescreen elementor-hidden-desktop elementor-hidden-laptop elementor-hidden-tablet_extra elementor-hidden-tablet elementor-widget elementor-widget-image\" data-id=\"d3f9e89\" data-element_type=\"widget\" data-widget_type=\"image.default\">\n\t\t\t\t<div class=\"elementor-widget-container\">\n\t\t\t\t\t\t\t\t\t\t\t\t\t<img decoding=\"async\" width=\"459\" height=\"946\" src=\"https:\/\/vn.ikyellowpaper.com\/wp-content\/uploads\/2024\/11\/Screenshot_1.png\" class=\"attachment-large size-large wp-image-2075\" alt=\"\" srcset=\"https:\/\/vn.ikyellowpaper.com\/wp-content\/uploads\/2024\/11\/Screenshot_1.png 459w, https:\/\/vn.ikyellowpaper.com\/wp-content\/uploads\/2024\/11\/Screenshot_1-146x300.png 146w\" sizes=\"(max-width: 459px) 100vw, 459px\" \/>\t\t\t\t\t\t\t\t\t\t\t\t\t<\/div>\n\t\t\t\t<\/div>\n\t\t\t\t<div class=\"elementor-element elementor-element-a5cb767 elementor-hidden-widescreen elementor-hidden-desktop elementor-hidden-laptop elementor-hidden-tablet_extra elementor-hidden-tablet elementor-widget elementor-widget-image\" data-id=\"a5cb767\" data-element_type=\"widget\" data-widget_type=\"image.default\">\n\t\t\t\t<div class=\"elementor-widget-container\">\n\t\t\t\t\t\t\t\t\t\t\t\t\t<img decoding=\"async\" width=\"454\" height=\"939\" src=\"https:\/\/vn.ikyellowpaper.com\/wp-content\/uploads\/2024\/11\/Screenshot_29.png\" class=\"attachment-large size-large wp-image-2076\" alt=\"\" srcset=\"https:\/\/vn.ikyellowpaper.com\/wp-content\/uploads\/2024\/11\/Screenshot_29.png 454w, https:\/\/vn.ikyellowpaper.com\/wp-content\/uploads\/2024\/11\/Screenshot_29-145x300.png 145w\" sizes=\"(max-width: 454px) 100vw, 454px\" \/>\t\t\t\t\t\t\t\t\t\t\t\t\t<\/div>\n\t\t\t\t<\/div>\n\t\t\t\t<div class=\"elementor-element elementor-element-b70f1e2 elementor-hidden-widescreen elementor-hidden-desktop elementor-hidden-laptop elementor-hidden-tablet_extra elementor-hidden-tablet elementor-widget elementor-widget-image\" data-id=\"b70f1e2\" data-element_type=\"widget\" data-widget_type=\"image.default\">\n\t\t\t\t<div class=\"elementor-widget-container\">\n\t\t\t\t\t\t\t\t\t\t\t\t\t<img loading=\"lazy\" decoding=\"async\" width=\"454\" height=\"942\" src=\"https:\/\/vn.ikyellowpaper.com\/wp-content\/uploads\/2024\/11\/Scredfgenshot_30.png\" class=\"attachment-large size-large wp-image-2078\" alt=\"\" srcset=\"https:\/\/vn.ikyellowpaper.com\/wp-content\/uploads\/2024\/11\/Scredfgenshot_30.png 454w, https:\/\/vn.ikyellowpaper.com\/wp-content\/uploads\/2024\/11\/Scredfgenshot_30-145x300.png 145w\" sizes=\"(max-width: 454px) 100vw, 454px\" \/>\t\t\t\t\t\t\t\t\t\t\t\t\t<\/div>\n\t\t\t\t<\/div>\n\t\t\t\t<div class=\"elementor-element elementor-element-8d5d9b0 elementor-widget elementor-widget-text-editor\" data-id=\"8d5d9b0\" data-element_type=\"widget\" data-widget_type=\"text-editor.default\">\n\t\t\t\t<div class=\"elementor-widget-container\">\n\t\t\t\t\t\t\t<p>T\u1ea7m Nh\u00ecn 2030 t\u1eadp trung v\u00e0o ba l\u0129nh v\u1ef1c ch\u00ednh li\u00ean quan \u0111\u1ebfn ng\u00e0nh c\u1ee7a ch\u00fang t\u00f4i: s\u1ea3n xu\u1ea5t, r\u1eebng v\u00e0 con ng\u01b0\u1eddi. Ph\u1ea1m vi n\u00e0y bao g\u1ed3m c\u00e1ch s\u1ea3n ph\u1ea9m c\u1ee7a ch\u00fang t\u00f4i s\u1ebd gi\u1ea3m thi\u1ec3u c\u00e1c s\u1ea3n ph\u1ea9m c\u00f3 carbon, v\u1edbi nguy\u00ean li\u1ec7u \u0111\u01b0\u1ee3c l\u1ea5y t\u1eeb c\u00e1c \u0111\u1ed3n \u0111i\u1ec1n \u0111\u01b0\u1ee3c qu\u1ea3n l\u00fd c\u00f3 tr\u00e1ch nhi\u1ec7m, \u0111\u1ed3ng th\u1eddi \u0111\u00f3ng g\u00f3p v\u00e0o ph\u00fac l\u1ee3i c\u1ee7a c\u1ed9ng \u0111\u1ed3ng \u0111\u1ecba ph\u01b0\u01a1ng. C\u00e1c M\u1ee5c Ti\u00eau Ph\u00e1t Tri\u1ec3n B\u1ec1n V\u1eefng (SDGs) \u0111\u00e3 \u0111\u01b0\u1ee3c li\u00ean k\u1ebft v\u1edbi c\u00e1c v\u1ea5n \u0111\u1ec1 trong T\u1ea7m Nh\u00ecn 2030, v\u00e0 th\u00f4ng qua c\u00e1c h\u00e0nh \u0111\u1ed9ng \u0111\u00f3, ch\u00fang t\u00f4i c\u00f3 th\u1ec3 ch\u1ee9ng minh \u0111\u00f3ng g\u00f3p c\u1ee7a m\u00ecnh v\u00e0o vi\u1ec7c \u0111\u1ea1t \u0111\u01b0\u1ee3c c\u00e1c m\u1ee5c ti\u00eau to\u00e0n c\u1ea7u ph\u00f9 h\u1ee3p v\u1edbi c\u00e1c th\u1ef1c ti\u1ec5n t\u1ed1t nh\u1ea5t qu\u1ed1c t\u1ebf. T\u00ecm hi\u1ec3u th\u00eam v\u1ec1 SRV 2030 b\u00ean d\u01b0\u1edbi ho\u1eb7c truy c\u1eadp Sustainability Roadmap Vision \u0111\u1ec3 xem h\u00e0nh tr\u00ecnh v\u00e0 ti\u1ebfn tr\u00ecnh SRV 2020 c\u1ee7a ch\u00fang t\u00f4i.<\/p><p style=\"text-align: center;\">th\u00eam th\u00f4ng tin:<br \/><strong><span style=\"color: #04944c;\"><a style=\"color: #04944c;\" href=\"https:\/\/app.co.id\/\">https:\/\/app.co.id\/<\/a><\/span><\/strong><\/p>\t\t\t\t\t\t<\/div>\n\t\t\t\t<\/div>\n\t\t\t\t\t<\/div>\n\t\t<\/div>\n\t\t\t\t\t<\/div>\n\t\t<\/section>\n\t\t\t\t\t<\/div>\n\t\t<\/div>\n\t\t\t\t\t<\/div>\n\t\t<\/section>\n\t\t\t\t<\/div>","protected":false},"excerpt":{"rendered":"<p>B\u1ec1n V\u1eefng T\u1ea7m nh\u00ecn c\u1ee7a ch\u00fang t\u00f4i bao g\u1ed3m s\u1ea3n xu\u1ea5t hi\u1ec7u qu\u1ea3 v\u00e0 thi\u1ebft k\u1ebf s\u1ea3n ph\u1ea9m s\u00e1ng t\u1ea1o. K\u1ebft h\u1ee3p v\u1edbi c\u00e1c ph\u01b0\u01a1ng ph\u00e1p qu\u1ea3n l\u00fd r\u1eebng c\u00f3 tr\u00e1ch nhi\u1ec7m, ch\u00fang t\u00f4i cung c\u1ea5p s\u1ea3n ph\u1ea9m v\u1edbi t\u00e1c \u0111\u1ed9ng carbon th\u1ea5p \u0111\u1ec3 t\u1ea1o ra m\u1ed9t ng\u00e0y mai b\u1ec1n v\u1eefng h\u01a1n. T\u1ea7m Nh\u00ecn L\u1ed9 [&hellip;]<\/p>","protected":false},"author":1,"featured_media":0,"parent":0,"menu_order":0,"comment_status":"closed","ping_status":"closed","template":"elementor_header_footer","meta":{"_acf_changed":false,"footnotes":""},"class_list":["post-110","page","type-page","status-publish","hentry"],"acf":[],"_links":{"self":[{"href":"https:\/\/vn.ikyellowpaper.com\/vi\/wp-json\/wp\/v2\/pages\/110","targetHints":{"allow":["GET"]}}],"collection":[{"href":"https:\/\/vn.ikyellowpaper.com\/vi\/wp-json\/wp\/v2\/pages"}],"about":[{"href":"https:\/\/vn.ikyellowpaper.com\/vi\/wp-json\/wp\/v2\/types\/page"}],"author":[{"embeddable":true,"href":"https:\/\/vn.ikyellowpaper.com\/vi\/wp-json\/wp\/v2\/users\/1"}],"replies":[{"embeddable":true,"href":"https:\/\/vn.ikyellowpaper.com\/vi\/wp-json\/wp\/v2\/comments?post=110"}],"version-history":[{"count":172,"href":"https:\/\/vn.ikyellowpaper.com\/vi\/wp-json\/wp\/v2\/pages\/110\/revisions"}],"predecessor-version":[{"id":6547,"href":"https:\/\/vn.ikyellowpaper.com\/vi\/wp-json\/wp\/v2\/pages\/110\/revisions\/6547"}],"wp:attachment":[{"href":"https:\/\/vn.ikyellowpaper.com\/vi\/wp-json\/wp\/v2\/media?parent=110"}],"curies":[{"name":"wp","href":"https:\/\/api.w.org\/{rel}","templated":true}]}}