








{"id":3441,"date":"2024-12-04T03:46:21","date_gmt":"2024-12-04T03:46:21","guid":{"rendered":"https:\/\/vn.ikyellowpaper.com\/?page_id=3441"},"modified":"2025-06-23T16:47:34","modified_gmt":"2025-06-23T16:47:34","slug":"how-it-is-made","status":"publish","type":"page","link":"https:\/\/vn.ikyellowpaper.com\/vi\/how-it-is-made\/","title":{"rendered":"How It Is Made"},"content":{"rendered":"<div data-elementor-type=\"wp-page\" data-elementor-id=\"3441\" class=\"elementor elementor-3441\" data-elementor-post-type=\"page\">\n\t\t\t\t<div class=\"elementor-element elementor-element-cd5a166 e-con-full e-flex e-con e-parent\" data-id=\"cd5a166\" data-element_type=\"container\" data-settings=\"{&quot;background_background&quot;:&quot;classic&quot;,&quot;background_motion_fx_motion_fx_scrolling&quot;:&quot;yes&quot;,&quot;background_motion_fx_blur_effect&quot;:&quot;yes&quot;,&quot;background_motion_fx_blur_level&quot;:{&quot;unit&quot;:&quot;px&quot;,&quot;size&quot;:4.896,&quot;sizes&quot;:[]},&quot;jet_parallax_layout_list&quot;:[],&quot;background_motion_fx_blur_direction&quot;:&quot;out-in&quot;,&quot;background_motion_fx_blur_range&quot;:{&quot;unit&quot;:&quot;%&quot;,&quot;size&quot;:&quot;&quot;,&quot;sizes&quot;:{&quot;start&quot;:20,&quot;end&quot;:80}},&quot;background_motion_fx_devices&quot;:[&quot;widescreen&quot;,&quot;desktop&quot;,&quot;laptop&quot;,&quot;tablet_extra&quot;,&quot;tablet&quot;,&quot;mobile&quot;]}\">\n\t\t<div class=\"elementor-element elementor-element-8f541f5 e-con-full e-flex e-con e-child\" data-id=\"8f541f5\" data-element_type=\"container\" data-settings=\"{&quot;jet_parallax_layout_list&quot;:[]}\">\n\t\t\t\t<div class=\"elementor-element elementor-element-7c7f6a3 elementor-widget elementor-widget-heading\" data-id=\"7c7f6a3\" data-element_type=\"widget\" data-widget_type=\"heading.default\">\n\t\t\t\t<div class=\"elementor-widget-container\">\n\t\t\t<h2 class=\"elementor-heading-title elementor-size-default\">C\u00e1ch IK Yellow \u0111\u01b0\u1ee3c t\u1ea1o ra\n<\/h2>\t\t<\/div>\n\t\t\t\t<\/div>\n\t\t\t\t<\/div>\n\t\t\t\t<\/div>\n\t\t<div class=\"elementor-element elementor-element-6567eb5 e-flex e-con-boxed e-con e-parent\" data-id=\"6567eb5\" data-element_type=\"container\" data-settings=\"{&quot;jet_parallax_layout_list&quot;:[]}\">\n\t\t\t\t\t<div class=\"e-con-inner\">\n\t\t\t\t<div class=\"elementor-element elementor-element-b5119f4 elementor-widget elementor-widget-heading\" data-id=\"b5119f4\" data-element_type=\"widget\" data-widget_type=\"heading.default\">\n\t\t\t\t<div class=\"elementor-widget-container\">\n\t\t\t<h2 class=\"elementor-heading-title elementor-size-default\">C\u00e1ch IK Yellow \u0111\u01b0\u1ee3c t\u1ea1o ra<\/h2>\t\t<\/div>\n\t\t\t\t<\/div>\n\t\t\t\t\t<\/div>\n\t\t\t\t<\/div>\n\t\t<div class=\"elementor-element elementor-element-2c7d421 e-flex e-con-boxed e-con e-parent\" data-id=\"2c7d421\" data-element_type=\"container\" data-settings=\"{&quot;jet_parallax_layout_list&quot;:[]}\">\n\t\t\t\t\t<div class=\"e-con-inner\">\n\t\t\t\t<div class=\"elementor-element elementor-element-0ed34a9 elementor-widget elementor-widget-text-editor\" data-id=\"0ed34a9\" data-element_type=\"widget\" data-widget_type=\"text-editor.default\">\n\t\t\t\t<div class=\"elementor-widget-container\">\n\t\t\t\t\t\t\t<p>T\u1ea1i \u0111\u00e2y, b\u1ea1n c\u00f3 th\u1ec3 t\u00ecm hi\u1ec3u h\u00e0nh tr\u00ecnh c\u1ee7a s\u1ea3n ph\u1ea9m IK Yellow t\u1eeb quy tr\u00ecnh tr\u1ed3ng tr\u1ecdt cho \u0111\u1ebfn khi tr\u1edf th\u00e0nh c\u00f4ng c\u1ee5 trong tay b\u1ea1n gi\u00fap b\u1ea1n ti\u1ebfn b\u01b0\u1edbc m\u1ed7i ng\u00e0y.<\/p><p>Gi\u1ea5y IK Yellow \u0111\u01b0\u1ee3c s\u1ea3n xu\u1ea5t t\u1eeb m\u1ed9t Khu R\u1eebng C\u00f4ng Nghi\u1ec7p \u0111\u01b0\u1ee3c qu\u1ea3n l\u00fd m\u1ed9t c\u00e1ch c\u00f3 tr\u00e1ch nhi\u1ec7m, n\u01a1i c\u00e2y c\u1ed1i \u0111\u01b0\u1ee3c khai th\u00e1c v\u00e0 sau \u0111\u00f3 tr\u1ed3ng l\u1ea1i, t\u1ea1o ra ngu\u1ed3n t\u00e0i nguy\u00ean t\u00e1i t\u1ea1o cho s\u1ea3n xu\u1ea5t gi\u1ea5y. C\u00e2y c\u1ed1i ch\u1ec9 c\u00f3 th\u1ec3 \u0111\u01b0\u1ee3c khai th\u00e1c, tr\u1ed3ng l\u1ea1i, ph\u1ee5c h\u1ed3i v\u00e0 khai th\u00e1c l\u1ea1i trong v\u00f2ng ch\u1ec9 6 n\u0103m. \u0110i\u1ec1u n\u00e0y \u0111\u1ea3m b\u1ea3o t\u00ednh b\u1ec1n v\u1eefng c\u1ee7a to\u00e0n b\u1ed9 chu\u1ed7i s\u1ea3n xu\u1ea5t.<\/p><p>Nh\u00e0 m\u00e1y c\u1ee7a ch\u00fang t\u00f4i th\u01b0\u1eddng xuy\u00ean ki\u1ec3m tra t\u1ea5t c\u1ea3 c\u00e1c b\u1ed9t gi\u1ea5y, nguy\u00ean li\u1ec7u th\u00f4 c\u1ee7a ch\u00fang t\u00f4i, \u0111\u1ec3 \u0111\u1ea3m b\u1ea3o t\u00ednh h\u1ee3p ph\u00e1p v\u00e0 ch\u1ea5t l\u01b0\u1ee3ng c\u1ee7a ch\u00fang. Ch\u00fang t\u00f4i th\u1ef1c hi\u1ec7n quy tr\u00ecnh n\u00e0y \u0111\u1ec3 \u0111\u1ea3m b\u1ea3o r\u1eb1ng s\u1ea3n ph\u1ea9m c\u1ee7a ch\u00fang t\u00f4i kh\u00f4ng ch\u1ec9 c\u00f3 ch\u1ea5t l\u01b0\u1ee3ng cao, m\u00e0 c\u00f2n b\u1ec1n v\u1eefng.<\/p>\t\t\t\t\t\t<\/div>\n\t\t\t\t<\/div>\n\t\t\t\t\t<\/div>\n\t\t\t\t<\/div>\n\t\t<div class=\"elementor-element elementor-element-b350832 e-flex e-con-boxed e-con e-parent\" data-id=\"b350832\" data-element_type=\"container\" data-settings=\"{&quot;jet_parallax_layout_list&quot;:[]}\">\n\t\t\t\t\t<div class=\"e-con-inner\">\n\t\t\t\t<div class=\"elementor-element elementor-element-8e46de0 elementor-widget elementor-widget-jet-carousel\" data-id=\"8e46de0\" data-element_type=\"widget\" data-settings=\"{&quot;slides_to_show&quot;:&quot;4&quot;,&quot;slides_to_scroll&quot;:&quot;4&quot;,&quot;slides_to_show_tablet_extra&quot;:&quot;3&quot;,&quot;slides_to_show_mobile&quot;:&quot;1&quot;,&quot;slides_to_scroll_tablet_extra&quot;:&quot;3&quot;,&quot;slides_to_scroll_mobile&quot;:&quot;1&quot;}\" data-widget_type=\"jet-carousel.default\">\n\t\t\t\t<div class=\"elementor-widget-container\">\n\t\t\t<div class=\"elementor-jet-carousel jet-elements\"><div class=\"jet-carousel-wrap\">\n\t<div class=\"jet-carousel\" data-slider_options=\"{&quot;autoplaySpeed&quot;:5000,&quot;autoplay&quot;:true,&quot;infinite&quot;:true,&quot;centerMode&quot;:false,&quot;centerPadding&quot;:&quot;50px&quot;,&quot;pauseOnHover&quot;:false,&quot;speed&quot;:500,&quot;arrows&quot;:false,&quot;dots&quot;:true,&quot;variableWidth&quot;:false,&quot;prevArrow&quot;:&quot;.jet-carousel__prev-arrow-8e46de0&quot;,&quot;nextArrow&quot;:&quot;.jet-carousel__next-arrow-8e46de0&quot;,&quot;rtl&quot;:false,&quot;fractionNav&quot;:false}\" dir=\"ltr\">\n\t<div class=\"elementor-slick-slider\">\n\n<div class=\"jet-carousel__item\">\n\t<div class=\"jet-carousel__item-inner\"><a href=\"#\" class=\"jet-carousel__item-link\" ><img decoding=\"async\" src=\"https:\/\/vn.ikyellowpaper.com\/wp-content\/uploads\/2024\/12\/step1.jpg\" class=\"jet-carousel__item-img\" alt=\"plantation\" loading=\"lazy\"><\/a><div class=\"jet-carousel__content\"><h5 class=\"jet-carousel__item-title\">Nghi\u00ean c\u1ee9u v\u00e0 ph\u00e1t tri\u1ec3n l\u00e2m nghi\u1ec7p<\/h5><div class=\"jet-carousel__item-text\"><p class=\"w-md-75 sameheight\">T\u1ea5t c\u1ea3 b\u1eaft \u0111\u1ea7u t\u1eeb \u0111\u00e2y. B\u1eb1ng c\u00e1ch li\u00ean t\u1ee5c nghi\u00ean c\u1ee9u v\u00e0 ph\u00e1t tri\u1ec3n c\u00f4ng ngh\u1ec7, c\u00e1c nh\u00e0 cung c\u1ea5p c\u1ee7a ch\u00fang t\u00f4i t\u1ea1o ra nh\u1eefng c\u00e2y non \u0111\u1ec3 tr\u1ed3ng v\u00e0o c\u00e1c \u0111\u1ed3n \u0111i\u1ec1n.<\/p><\/div><\/div><\/div>\n<\/div>\n\n<div class=\"jet-carousel__item\">\n\t<div class=\"jet-carousel__item-inner\"><a href=\"#\" class=\"jet-carousel__item-link\" ><img decoding=\"async\" src=\"https:\/\/vn.ikyellowpaper.com\/wp-content\/uploads\/2024\/12\/step2.jpg\" class=\"jet-carousel__item-img\" alt=\"forestry\" loading=\"lazy\"><\/a><div class=\"jet-carousel__content\"><h5 class=\"jet-carousel__item-title\">L\u00e2m nghi\u1ec7p<\/h5><div class=\"jet-carousel__item-text\"><p class=\"w-md-75 sameheight\">Ch\u1ec9 sau 4 n\u0103m, nh\u1eefng c\u00e2y non s\u1ebd ph\u00e1t tri\u1ec3n cao, trong khi nh\u1eefng c\u00e2y non m\u1edbi s\u1ebd \u0111\u01b0\u1ee3c tr\u1ed3ng thay phi\u00ean nhau. \u0110\u1ec3 m\u1ed7i s\u1ea3n ph\u1ea9m IK Yellow m\u00e0 ch\u00fang t\u00f4i giao \u0111\u1ebfn tay b\u1ea1n, c\u00e2y c\u1ed1i ph\u1ea3i \u0111\u01b0\u1ee3c tr\u1ed3ng.<\/p><\/div><\/div><\/div>\n<\/div>\n\n<div class=\"jet-carousel__item\">\n\t<div class=\"jet-carousel__item-inner\"><a href=\"#\" class=\"jet-carousel__item-link\" ><img decoding=\"async\" src=\"https:\/\/vn.ikyellowpaper.com\/wp-content\/uploads\/2024\/12\/step3.jpg\" class=\"jet-carousel__item-img\" alt=\"step3\" loading=\"lazy\"><\/a><div class=\"jet-carousel__content\"><h5 class=\"jet-carousel__item-title\">\u0110\u1ed3n \u0111i\u1ec1n<\/h5><div class=\"jet-carousel__item-text\"><p class=\"w-md-75 sameheight\">\u0110\u01b0\u1ee3c h\u1ed7 tr\u1ee3 b\u1edfi kh\u00ed h\u1eadu c\u1ee7a Indonesia, ch\u1ec9 m\u1ea5t 6 n\u0103m \u0111\u1ec3 c\u00e2y c\u1ed1i trong c\u00e1c \u0111\u1ed3n \u0111i\u1ec1n c\u1ee7a ch\u00fang t\u00f4i s\u1eb5n s\u00e0ng \u0111\u01b0\u1ee3c ch\u1ebf bi\u1ebfn th\u00e0nh nguy\u00ean li\u1ec7u th\u00f4 cho b\u1ed9t gi\u1ea5y.<\/p><\/div><\/div><\/div>\n<\/div>\n\n<div class=\"jet-carousel__item\">\n\t<div class=\"jet-carousel__item-inner\"><img decoding=\"async\" src=\"https:\/\/vn.ikyellowpaper.com\/wp-content\/uploads\/2024\/12\/step4.jpg\" class=\"jet-carousel__item-img\" alt=\"logwood\" loading=\"lazy\"><div class=\"jet-carousel__content\"><h5 class=\"jet-carousel__item-title\">G\u1ed7 x\u1ebb<\/h5><div class=\"jet-carousel__item-text\"><p class=\"w-md-75 sameheight\">T\u1eeb c\u00e1c \u0111\u1ed3n \u0111i\u1ec1n c\u1ee7a ch\u00fang t\u00f4i, c\u00e1c nguy\u00ean li\u1ec7u cho b\u1ed9t gi\u1ea5y s\u1ebd \u0111\u01b0\u1ee3c ki\u1ec3m tra \u0111\u1ec3 \u0111\u1ea3m b\u1ea3o t\u00ednh h\u1ee3p ph\u00e1p v\u00e0 ch\u1ea5t l\u01b0\u1ee3ng. IK Yellow cam k\u1ebft ch\u1ec9 mua s\u1ee3i g\u1ed7 h\u1ee3p ph\u00e1p t\u1eeb c\u00e1c ngu\u1ed3n l\u00e2m nghi\u1ec7p \u0111\u01b0\u1ee3c qu\u1ea3n l\u00fd b\u1ec1n v\u1eefng.<\/p><\/div><\/div><\/div>\n<\/div>\n\n<div class=\"jet-carousel__item\">\n\t<div class=\"jet-carousel__item-inner\"><img decoding=\"async\" src=\"https:\/\/vn.ikyellowpaper.com\/wp-content\/uploads\/2024\/12\/step5.jpg\" class=\"jet-carousel__item-img\" alt=\"wood-supply\" loading=\"lazy\"><div class=\"jet-carousel__content\"><h5 class=\"jet-carousel__item-title\">Cung c\u1ea5p g\u1ed7<\/h5><div class=\"jet-carousel__item-text\"><p class=\"w-md-75 sameheight\">Chu\u1ed7i cung \u1ee9ng cho t\u1ea5t c\u1ea3 c\u00e1c giao d\u1ecbch mua s\u1ee3i g\u1ed7 b\u1ed9t gi\u1ea5y c\u00f3 h\u1ec7 th\u1ed1ng v\u00e0 quy tr\u00ecnh x\u00e1c minh ph\u00e1p l\u00fd nghi\u00eam ng\u1eb7t \u0111\u1ec3 \u0111\u1ea3m b\u1ea3o kh\u00f4ng c\u00f3 ngu\u1ed3n t\u00e0i nguy\u00ean b\u1ea5t h\u1ee3p ph\u00e1p n\u00e0o v\u00e0o nh\u00e0 m\u00e1y b\u1ed9t gi\u1ea5y c\u1ee7a ch\u00fang t\u00f4i.<\/p><\/div><\/div><\/div>\n<\/div>\n\n<div class=\"jet-carousel__item\">\n\t<div class=\"jet-carousel__item-inner\"><img decoding=\"async\" src=\"https:\/\/vn.ikyellowpaper.com\/wp-content\/uploads\/2024\/12\/step6.jpg\" class=\"jet-carousel__item-img\" alt=\"pulp-mill\" loading=\"lazy\"><div class=\"jet-carousel__content\"><h5 class=\"jet-carousel__item-title\">Nh\u00e0 m\u00e1y b\u1ed9t gi\u1ea5y<\/h5><div class=\"jet-carousel__item-text\"><p class=\"w-md-75 sameheight\">T\u1ea1i nh\u00e0 m\u00e1y b\u1ed9t gi\u1ea5y, t\u1ea5t c\u1ea3 c\u00e1c ngu\u1ed3n cung g\u1ed7 \u0111\u00e3 \u0111\u01b0\u1ee3c x\u00e1c minh s\u1ebd \u0111\u01b0\u1ee3c ch\u1ebf bi\u1ebfn th\u00e0nh b\u1ed9t gi\u1ea5y tr\u01b0\u1edbc khi chuy\u1ec3n \u0111\u1ebfn nh\u00e0 m\u00e1y gi\u1ea5y.<\/p><\/div><\/div><\/div>\n<\/div>\n\n<div class=\"jet-carousel__item\">\n\t<div class=\"jet-carousel__item-inner\"><img decoding=\"async\" src=\"https:\/\/vn.ikyellowpaper.com\/wp-content\/uploads\/2024\/12\/step7.jpg\" class=\"jet-carousel__item-img\" alt=\"paper-mill\" loading=\"lazy\"><div class=\"jet-carousel__content\"><h5 class=\"jet-carousel__item-title\">Nh\u00e0 m\u00e1y gi\u1ea5y<\/h5><div class=\"jet-carousel__item-text\"><p class=\"w-md-75 sameheight\">\u0110\u00e2y l\u00e0 n\u01a1i t\u1ea5t c\u1ea3 c\u00e1c b\u1ed9t gi\u1ea5y s\u1ebd \u0111\u01b0\u1ee3c ch\u1ebf bi\u1ebfn th\u00e0nh s\u1ea3n ph\u1ea9m IK Yellow c\u1ee7a b\u1ea1n. IK Yellow s\u1eed d\u1ee5ng nhi\u1ec1u c\u01b0 d\u00e2n \u0111\u1ecba ph\u01b0\u01a1ng g\u1ea7n c\u00e1c nh\u00e0 m\u00e1y c\u1ee7a m\u00ecnh v\u00e0 c\u0169ng \u0111\u00f3ng g\u00f3p v\u00e0o gi\u00e1o d\u1ee5c v\u00e0 s\u1ef1 trao quy\u1ec1n cho c\u1ed9ng \u0111\u1ed3ng \u0111\u1ecba ph\u01b0\u01a1ng.<\/p><\/div><\/div><\/div>\n<\/div>\n\n<div class=\"jet-carousel__item\">\n\t<div class=\"jet-carousel__item-inner\"><img decoding=\"async\" src=\"https:\/\/vn.ikyellowpaper.com\/wp-content\/uploads\/2024\/12\/step8.jpg\" class=\"jet-carousel__item-img\" alt=\"step8\" loading=\"lazy\"><div class=\"jet-carousel__content\"><h5 class=\"jet-carousel__item-title\">H\u1eadu c\u1ea7n<\/h5><div class=\"jet-carousel__item-text\"><p class=\"w-md-75 sameheight\">T\u1eeb c\u00e1c nh\u00e0 m\u00e1y gi\u1ea5y, s\u1ea3n ph\u1ea9m IK Yellow \u0111\u01b0\u1ee3c ph\u00e2n ph\u1ed1i hi\u1ec7u qu\u1ea3 v\u00e0 nhanh ch\u00f3ng qua con s\u00f4ng. \u0110i\u1ec1u n\u00e0y c\u0169ng t\u1ea1o ra c\u01a1 h\u1ed9i vi\u1ec7c l\u00e0m cho c\u1ed9ng \u0111\u1ed3ng \u0111\u1ecba ph\u01b0\u01a1ng.<\/p><\/div><\/div><\/div>\n<\/div>\n<\/div><\/div>\n<\/div>\n<\/div>\t\t<\/div>\n\t\t\t\t<\/div>\n\t\t\t\t\t<\/div>\n\t\t\t\t<\/div>\n\t\t\t\t<\/div>","protected":false},"excerpt":{"rendered":"<p>C\u00e1ch IK Yellow \u0111\u01b0\u1ee3c t\u1ea1o ra C\u00e1ch IK Yellow \u0111\u01b0\u1ee3c t\u1ea1o ra T\u1ea1i \u0111\u00e2y, b\u1ea1n c\u00f3 th\u1ec3 t\u00ecm hi\u1ec3u h\u00e0nh tr\u00ecnh c\u1ee7a s\u1ea3n ph\u1ea9m IK Yellow t\u1eeb quy tr\u00ecnh tr\u1ed3ng tr\u1ecdt cho \u0111\u1ebfn khi tr\u1edf th\u00e0nh c\u00f4ng c\u1ee5 trong tay b\u1ea1n gi\u00fap b\u1ea1n ti\u1ebfn b\u01b0\u1edbc m\u1ed7i ng\u00e0y. Gi\u1ea5y IK Yellow \u0111\u01b0\u1ee3c s\u1ea3n xu\u1ea5t t\u1eeb m\u1ed9t [&hellip;]<\/p>","protected":false},"author":1,"featured_media":0,"parent":0,"menu_order":0,"comment_status":"closed","ping_status":"closed","template":"","meta":{"_acf_changed":false,"footnotes":""},"class_list":["post-3441","page","type-page","status-publish","hentry"],"acf":[],"_links":{"self":[{"href":"https:\/\/vn.ikyellowpaper.com\/vi\/wp-json\/wp\/v2\/pages\/3441","targetHints":{"allow":["GET"]}}],"collection":[{"href":"https:\/\/vn.ikyellowpaper.com\/vi\/wp-json\/wp\/v2\/pages"}],"about":[{"href":"https:\/\/vn.ikyellowpaper.com\/vi\/wp-json\/wp\/v2\/types\/page"}],"author":[{"embeddable":true,"href":"https:\/\/vn.ikyellowpaper.com\/vi\/wp-json\/wp\/v2\/users\/1"}],"replies":[{"embeddable":true,"href":"https:\/\/vn.ikyellowpaper.com\/vi\/wp-json\/wp\/v2\/comments?post=3441"}],"version-history":[{"count":82,"href":"https:\/\/vn.ikyellowpaper.com\/vi\/wp-json\/wp\/v2\/pages\/3441\/revisions"}],"predecessor-version":[{"id":6245,"href":"https:\/\/vn.ikyellowpaper.com\/vi\/wp-json\/wp\/v2\/pages\/3441\/revisions\/6245"}],"wp:attachment":[{"href":"https:\/\/vn.ikyellowpaper.com\/vi\/wp-json\/wp\/v2\/media?parent=3441"}],"curies":[{"name":"wp","href":"https:\/\/api.w.org\/{rel}","templated":true}]}}