








{"id":3999,"date":"2024-12-05T05:48:11","date_gmt":"2024-12-05T05:48:11","guid":{"rendered":"https:\/\/vn.ikyellowpaper.com\/?page_id=3999"},"modified":"2025-06-23T18:24:04","modified_gmt":"2025-06-23T18:24:04","slug":"videos","status":"publish","type":"page","link":"https:\/\/vn.ikyellowpaper.com\/vi\/videos\/","title":{"rendered":"Videos"},"content":{"rendered":"<div data-elementor-type=\"wp-page\" data-elementor-id=\"3999\" class=\"elementor elementor-3999\" data-elementor-post-type=\"page\">\n\t\t\t\t<div class=\"elementor-element elementor-element-3e9cfc7 e-con-full e-flex e-con e-parent\" data-id=\"3e9cfc7\" data-element_type=\"container\" data-settings=\"{&quot;background_background&quot;:&quot;classic&quot;,&quot;background_motion_fx_motion_fx_scrolling&quot;:&quot;yes&quot;,&quot;background_motion_fx_blur_effect&quot;:&quot;yes&quot;,&quot;background_motion_fx_blur_level&quot;:{&quot;unit&quot;:&quot;px&quot;,&quot;size&quot;:4.896,&quot;sizes&quot;:[]},&quot;jet_parallax_layout_list&quot;:[],&quot;background_motion_fx_blur_direction&quot;:&quot;out-in&quot;,&quot;background_motion_fx_blur_range&quot;:{&quot;unit&quot;:&quot;%&quot;,&quot;size&quot;:&quot;&quot;,&quot;sizes&quot;:{&quot;start&quot;:20,&quot;end&quot;:80}},&quot;background_motion_fx_devices&quot;:[&quot;widescreen&quot;,&quot;desktop&quot;,&quot;laptop&quot;,&quot;tablet_extra&quot;,&quot;tablet&quot;,&quot;mobile&quot;]}\">\n\t\t<div class=\"elementor-element elementor-element-ade1fa0 e-con-full e-flex e-con e-child\" data-id=\"ade1fa0\" data-element_type=\"container\" data-settings=\"{&quot;jet_parallax_layout_list&quot;:[]}\">\n\t\t\t\t<div class=\"elementor-element elementor-element-d79bebd elementor-widget elementor-widget-heading\" data-id=\"d79bebd\" data-element_type=\"widget\" data-widget_type=\"heading.default\">\n\t\t\t\t<div class=\"elementor-widget-container\">\n\t\t\t<h2 class=\"elementor-heading-title elementor-size-default\">Videos<\/h2>\t\t<\/div>\n\t\t\t\t<\/div>\n\t\t\t\t<div class=\"elementor-element elementor-element-dfcd4c2 elementor-widget elementor-widget-heading\" data-id=\"dfcd4c2\" data-element_type=\"widget\" data-widget_type=\"heading.default\">\n\t\t\t\t<div class=\"elementor-widget-container\">\n\t\t\t<p class=\"elementor-heading-title elementor-size-default\">H\u00e3y xem c\u00e1c video n\u1ed5i b\u1eadt c\u1ee7a ch\u00fang t\u00f4i tr\u00ean trang YouTube IK Yellow<\/p>\t\t<\/div>\n\t\t\t\t<\/div>\n\t\t\t\t<\/div>\n\t\t\t\t<\/div>\n\t\t<div class=\"elementor-element elementor-element-e8c4e73 e-flex e-con-boxed e-con e-parent\" data-id=\"e8c4e73\" data-element_type=\"container\" data-settings=\"{&quot;jet_parallax_layout_list&quot;:[]}\">\n\t\t\t\t\t<div class=\"e-con-inner\">\n\t\t\t\t<div class=\"elementor-element elementor-element-1860367 elementor-grid-3 elementor-grid-tablet-2 elementor-grid-mobile-1 elementor-widget elementor-widget-loop-grid\" data-id=\"1860367\" data-element_type=\"widget\" data-settings=\"{&quot;template_id&quot;:&quot;6107&quot;,&quot;_skin&quot;:&quot;post&quot;,&quot;columns&quot;:&quot;3&quot;,&quot;columns_tablet&quot;:&quot;2&quot;,&quot;columns_mobile&quot;:&quot;1&quot;,&quot;edit_handle_selector&quot;:&quot;[data-elementor-type=\\&quot;loop-item\\&quot;]&quot;,&quot;row_gap&quot;:{&quot;unit&quot;:&quot;px&quot;,&quot;size&quot;:&quot;&quot;,&quot;sizes&quot;:[]},&quot;row_gap_widescreen&quot;:{&quot;unit&quot;:&quot;px&quot;,&quot;size&quot;:&quot;&quot;,&quot;sizes&quot;:[]},&quot;row_gap_laptop&quot;:{&quot;unit&quot;:&quot;px&quot;,&quot;size&quot;:&quot;&quot;,&quot;sizes&quot;:[]},&quot;row_gap_tablet_extra&quot;:{&quot;unit&quot;:&quot;px&quot;,&quot;size&quot;:&quot;&quot;,&quot;sizes&quot;:[]},&quot;row_gap_tablet&quot;:{&quot;unit&quot;:&quot;px&quot;,&quot;size&quot;:&quot;&quot;,&quot;sizes&quot;:[]},&quot;row_gap_mobile&quot;:{&quot;unit&quot;:&quot;px&quot;,&quot;size&quot;:&quot;&quot;,&quot;sizes&quot;:[]}}\" data-widget_type=\"loop-grid.post\">\n\t\t\t\t<div class=\"elementor-widget-container\">\n\t\t\t\t\t<div class=\"elementor-loop-container elementor-grid\">\n\t\t<style id=\"loop-6107\">.elementor-6107 .elementor-element.elementor-element-48df63e1{--display:flex;--background-transition:0.3s;}.elementor-6107 .elementor-element.elementor-element-48df63e1:not(.elementor-motion-effects-element-type-background), .elementor-6107 .elementor-element.elementor-element-48df63e1 > .elementor-motion-effects-container > .elementor-motion-effects-layer{background-color:#EEEEEEEE;}.elementor-6107 .elementor-element.elementor-element-48df63e1, .elementor-6107 .elementor-element.elementor-element-48df63e1::before{--border-transition:0.3s;}.elementor-widget-theme-post-featured-image .widget-image-caption{color:var( --e-global-color-text );font-family:var( --e-global-typography-text-font-family ), Sans-serif;font-weight:var( --e-global-typography-text-font-weight );}.elementor-6107 .elementor-element.elementor-element-66f4ad5f .elementor-wrapper{--video-aspect-ratio:1.77777;}.elementor-widget-text-editor{color:var( --e-global-color-text );font-family:var( --e-global-typography-text-font-family ), Sans-serif;font-weight:var( --e-global-typography-text-font-weight );}.elementor-widget-text-editor.elementor-drop-cap-view-stacked .elementor-drop-cap{background-color:var( --e-global-color-primary );}.elementor-widget-text-editor.elementor-drop-cap-view-framed .elementor-drop-cap, .elementor-widget-text-editor.elementor-drop-cap-view-default .elementor-drop-cap{color:var( --e-global-color-primary );border-color:var( --e-global-color-primary );}.elementor-6107 .elementor-element.elementor-element-3c29b02f{color:#00944D;font-family:\"Poppins\", Sans-serif;font-size:22px;font-weight:500;}.elementor-6107 .elementor-element.elementor-element-24bbe738{font-family:\"Poppins\", Sans-serif;font-size:20px;font-weight:400;}<\/style>\t\t<div data-elementor-type=\"loop-item\" data-elementor-id=\"6107\" class=\"elementor elementor-6107 e-loop-item e-loop-item-6104 post-6104 video type-video status-publish hentry\" data-elementor-post-type=\"elementor_library\" data-custom-edit-handle=\"1\">\n\t\t\t<div data-premium-element-link=\"{&quot;type&quot;:&quot;url&quot;,&quot;link&quot;:{&quot;url&quot;:&quot;https:\\\/\\\/www.youtube.com\\\/watch?v=pa47u7n2wos?v=1&quot;,&quot;is_external&quot;:&quot;on&quot;,&quot;nofollow&quot;:&quot;&quot;,&quot;custom_attributes&quot;:&quot;&quot;},&quot;href&quot;:&quot;https:\\\/\\\/www.youtube.com\\\/watch?v=pa47u7n2wos?v=1&quot;}\" style=\"cursor: pointer\" class=\"elementor-element elementor-element-48df63e1 e-flex e-con-boxed e-con e-parent\" data-id=\"48df63e1\" data-element_type=\"container\" data-settings=\"{&quot;jet_parallax_layout_list&quot;:[],&quot;background_background&quot;:&quot;classic&quot;}\">\n\t\t\t\t\t<div class=\"e-con-inner\">\n\t\t\t\t<div class=\"elementor-element elementor-element-66f4ad5f elementor-widget elementor-widget-video\" data-id=\"66f4ad5f\" data-element_type=\"widget\" data-settings=\"{&quot;youtube_url&quot;:&quot;https:\\\/\\\/www.youtube.com\\\/watch?v=rCgLfwFXxwU&quot;,&quot;modestbranding&quot;:&quot;yes&quot;,&quot;video_type&quot;:&quot;youtube&quot;,&quot;controls&quot;:&quot;yes&quot;}\" data-widget_type=\"video.default\">\n\t\t\t\t<div class=\"elementor-widget-container\">\n\t\t\t\t\t<div class=\"elementor-wrapper elementor-open-inline\">\n\t\t\t<div class=\"elementor-video\"><\/div>\t\t<\/div>\n\t\t\t\t<\/div>\n\t\t\t\t<\/div>\n\t\t\t\t<div class=\"elementor-element elementor-element-3c29b02f elementor-widget elementor-widget-text-editor\" data-id=\"3c29b02f\" data-element_type=\"widget\" data-widget_type=\"text-editor.default\">\n\t\t\t\t<div class=\"elementor-widget-container\">\n\t\t\t\t\t\t\tChi\u1ebfn D\u1ecbch Winderful IK Yellow 2024\t\t\t\t\t\t<\/div>\n\t\t\t\t<\/div>\n\t\t\t\t<div class=\"elementor-element elementor-element-24bbe738 elementor-widget elementor-widget-text-editor\" data-id=\"24bbe738\" data-element_type=\"widget\" data-widget_type=\"text-editor.default\">\n\t\t\t\t<div class=\"elementor-widget-container\">\n\t\t\t\t\t\t\tH\u00e3y c\u00f9ng ch\u00fang t\u00f4i ch\u00e0o m\u1eebng K\u1ef7 ni\u1ec7m 25 n\u0103m IK Yellow v\u1edbi nh\u1eefng ph\u1ea7n qu\u00e0 h\u1ea5p d\u1eabn! T\u1ed5ng gi\u00e1 tr\u1ecb gi\u1ea3i th\u01b0\u1edfng l\u00ean t\u1edbi RM250,000 trong TNG eWallet \u0111ang ch\u1edd b\u1ea1n!\t\t\t\t\t\t<\/div>\n\t\t\t\t<\/div>\n\t\t\t\t\t<\/div>\n\t\t\t\t<\/div>\n\t\t\t\t<\/div>\n\t\t\t\t<div data-elementor-type=\"loop-item\" data-elementor-id=\"6107\" class=\"elementor elementor-6107 e-loop-item e-loop-item-6097 post-6097 video type-video status-publish has-post-thumbnail hentry\" data-elementor-post-type=\"elementor_library\" data-custom-edit-handle=\"1\">\n\t\t\t<div data-premium-element-link=\"{&quot;type&quot;:&quot;url&quot;,&quot;link&quot;:{&quot;url&quot;:&quot;https:\\\/\\\/www.youtube.com\\\/watch?v=pa47u7n2wos?v=1&quot;,&quot;is_external&quot;:&quot;on&quot;,&quot;nofollow&quot;:&quot;&quot;,&quot;custom_attributes&quot;:&quot;&quot;},&quot;href&quot;:&quot;https:\\\/\\\/www.youtube.com\\\/watch?v=pa47u7n2wos?v=1&quot;}\" style=\"cursor: pointer\" class=\"elementor-element elementor-element-48df63e1 e-flex e-con-boxed e-con e-parent\" data-id=\"48df63e1\" data-element_type=\"container\" data-settings=\"{&quot;jet_parallax_layout_list&quot;:[],&quot;background_background&quot;:&quot;classic&quot;}\">\n\t\t\t\t\t<div class=\"e-con-inner\">\n\t\t\t\t<div class=\"elementor-element elementor-element-1a87b39c elementor-hidden-widescreen elementor-hidden-desktop elementor-hidden-laptop elementor-hidden-tablet_extra elementor-hidden-tablet elementor-hidden-mobile elementor-widget elementor-widget-theme-post-featured-image elementor-widget-image\" data-id=\"1a87b39c\" data-element_type=\"widget\" data-widget_type=\"theme-post-featured-image.default\">\n\t\t\t\t<div class=\"elementor-widget-container\">\n\t\t\t\t\t\t\t\t\t\t\t\t\t<img fetchpriority=\"high\" decoding=\"async\" width=\"300\" height=\"169\" src=\"https:\/\/vn.ikyellowpaper.com\/wp-content\/uploads\/2025\/06\/Youtube-Thumbnail-01-300x169-1.png\" class=\"attachment-large size-large wp-image-6098\" alt=\"\" srcset=\"https:\/\/vn.ikyellowpaper.com\/wp-content\/uploads\/2025\/06\/Youtube-Thumbnail-01-300x169-1.png 300w, https:\/\/vn.ikyellowpaper.com\/wp-content\/uploads\/2025\/06\/Youtube-Thumbnail-01-300x169-1-18x10.png 18w\" sizes=\"(max-width: 300px) 100vw, 300px\" \/>\t\t\t\t\t\t\t\t\t\t\t\t\t<\/div>\n\t\t\t\t<\/div>\n\t\t\t\t<div class=\"elementor-element elementor-element-66f4ad5f elementor-widget elementor-widget-video\" data-id=\"66f4ad5f\" data-element_type=\"widget\" data-settings=\"{&quot;youtube_url&quot;:&quot;https:\\\/\\\/www.youtube.com\\\/watch?v=pa47u7n2wos&quot;,&quot;modestbranding&quot;:&quot;yes&quot;,&quot;video_type&quot;:&quot;youtube&quot;,&quot;controls&quot;:&quot;yes&quot;}\" data-widget_type=\"video.default\">\n\t\t\t\t<div class=\"elementor-widget-container\">\n\t\t\t\t\t<div class=\"elementor-wrapper elementor-open-inline\">\n\t\t\t<div class=\"elementor-video\"><\/div>\t\t<\/div>\n\t\t\t\t<\/div>\n\t\t\t\t<\/div>\n\t\t\t\t<div class=\"elementor-element elementor-element-3c29b02f elementor-widget elementor-widget-text-editor\" data-id=\"3c29b02f\" data-element_type=\"widget\" data-widget_type=\"text-editor.default\">\n\t\t\t\t<div class=\"elementor-widget-container\">\n\t\t\t\t\t\t\tL\u1ec5 Trao Gi\u1ea3i Ch\u01b0\u01a1ng Tr\u00ecnh Mua H\u00e0ng &amp; Qu\u00e9t M\u00e3 Tr\u00fang Th\u01b0\u1edfng IK Yellow Scantastic\t\t\t\t\t\t<\/div>\n\t\t\t\t<\/div>\n\t\t\t\t<div class=\"elementor-element elementor-element-24bbe738 elementor-widget elementor-widget-text-editor\" data-id=\"24bbe738\" data-element_type=\"widget\" data-widget_type=\"text-editor.default\">\n\t\t\t\t<div class=\"elementor-widget-container\">\n\t\t\t\t\t\t\tIK Yellow \u0111\u00e3 t\u1ed5 ch\u1ee9c bu\u1ed5i l\u1ec5 vinh danh t\u1ea5t c\u1ea3 nh\u1eefng ng\u01b0\u1eddi chi\u1ebfn th\u1eafng v\u1edbi nhi\u1ec1u ph\u1ea7n qu\u00e0 \u0111\u1ed9c quy\u1ec1n, bao g\u1ed3m c\u1ea3 Gi\u1ea3i \u0110\u1eb7c Bi\u1ec7t \u2013 m\u1ed9t chi\u1ebfc Proton X50!\t\t\t\t\t\t<\/div>\n\t\t\t\t<\/div>\n\t\t\t\t\t<\/div>\n\t\t\t\t<\/div>\n\t\t\t\t<\/div>\n\t\t\t\t<div data-elementor-type=\"loop-item\" data-elementor-id=\"6107\" class=\"elementor elementor-6107 e-loop-item e-loop-item-6101 post-6101 video type-video status-publish hentry\" data-elementor-post-type=\"elementor_library\" data-custom-edit-handle=\"1\">\n\t\t\t<div data-premium-element-link=\"{&quot;type&quot;:&quot;url&quot;,&quot;link&quot;:{&quot;url&quot;:&quot;https:\\\/\\\/www.youtube.com\\\/watch?v=pa47u7n2wos?v=1&quot;,&quot;is_external&quot;:&quot;on&quot;,&quot;nofollow&quot;:&quot;&quot;,&quot;custom_attributes&quot;:&quot;&quot;},&quot;href&quot;:&quot;https:\\\/\\\/www.youtube.com\\\/watch?v=pa47u7n2wos?v=1&quot;}\" style=\"cursor: pointer\" class=\"elementor-element elementor-element-48df63e1 e-flex e-con-boxed e-con e-parent\" data-id=\"48df63e1\" data-element_type=\"container\" data-settings=\"{&quot;jet_parallax_layout_list&quot;:[],&quot;background_background&quot;:&quot;classic&quot;}\">\n\t\t\t\t\t<div class=\"e-con-inner\">\n\t\t\t\t<div class=\"elementor-element elementor-element-66f4ad5f elementor-widget elementor-widget-video\" data-id=\"66f4ad5f\" data-element_type=\"widget\" data-settings=\"{&quot;youtube_url&quot;:&quot;https:\\\/\\\/youtu.be\\\/MHovDZCfhVU?si=Ub_eftZxxsa-_rb9&quot;,&quot;modestbranding&quot;:&quot;yes&quot;,&quot;video_type&quot;:&quot;youtube&quot;,&quot;controls&quot;:&quot;yes&quot;}\" data-widget_type=\"video.default\">\n\t\t\t\t<div class=\"elementor-widget-container\">\n\t\t\t\t\t<div class=\"elementor-wrapper elementor-open-inline\">\n\t\t\t<div class=\"elementor-video\"><\/div>\t\t<\/div>\n\t\t\t\t<\/div>\n\t\t\t\t<\/div>\n\t\t\t\t<div class=\"elementor-element elementor-element-3c29b02f elementor-widget elementor-widget-text-editor\" data-id=\"3c29b02f\" data-element_type=\"widget\" data-widget_type=\"text-editor.default\">\n\t\t\t\t<div class=\"elementor-widget-container\">\n\t\t\t\t\t\t\tT\u00ecnh Y\u00eau C\u00f3 Nh\u00e2n Ch\u1ee9ng\t\t\t\t\t\t<\/div>\n\t\t\t\t<\/div>\n\t\t\t\t<div class=\"elementor-element elementor-element-24bbe738 elementor-widget elementor-widget-text-editor\" data-id=\"24bbe738\" data-element_type=\"widget\" data-widget_type=\"text-editor.default\">\n\t\t\t\t<div class=\"elementor-widget-container\">\n\t\t\t\t\t\t\tM\u1ed9t c\u00e2u chuy\u1ec7n t\u00ecnh ng\u1ecdt ng\u00e0o, d\u1eabn \u0111\u1ebfn m\u00e0n t\u1eb7ng qu\u00e0 l\u1edbn v\u1edbi ph\u1ea7n th\u01b0\u1edfng l\u00e0 m\u1ed9t chi\u1ebfc Samsung Note 10+. Ng\u1ecdt ng\u00e0o qu\u00e1 ph\u1ea3i kh\u00f4ng?\t\t\t\t\t\t<\/div>\n\t\t\t\t<\/div>\n\t\t\t\t\t<\/div>\n\t\t\t\t<\/div>\n\t\t\t\t<\/div>\n\t\t\t\t<div data-elementor-type=\"loop-item\" data-elementor-id=\"6107\" class=\"elementor elementor-6107 e-loop-item e-loop-item-6103 post-6103 video type-video status-publish hentry\" data-elementor-post-type=\"elementor_library\" data-custom-edit-handle=\"1\">\n\t\t\t<div data-premium-element-link=\"{&quot;type&quot;:&quot;url&quot;,&quot;link&quot;:{&quot;url&quot;:&quot;https:\\\/\\\/www.youtube.com\\\/watch?v=pa47u7n2wos?v=1&quot;,&quot;is_external&quot;:&quot;on&quot;,&quot;nofollow&quot;:&quot;&quot;,&quot;custom_attributes&quot;:&quot;&quot;},&quot;href&quot;:&quot;https:\\\/\\\/www.youtube.com\\\/watch?v=pa47u7n2wos?v=1&quot;}\" style=\"cursor: pointer\" class=\"elementor-element elementor-element-48df63e1 e-flex e-con-boxed e-con e-parent\" data-id=\"48df63e1\" data-element_type=\"container\" data-settings=\"{&quot;jet_parallax_layout_list&quot;:[],&quot;background_background&quot;:&quot;classic&quot;}\">\n\t\t\t\t\t<div class=\"e-con-inner\">\n\t\t\t\t<div class=\"elementor-element elementor-element-66f4ad5f elementor-widget elementor-widget-video\" data-id=\"66f4ad5f\" data-element_type=\"widget\" data-settings=\"{&quot;youtube_url&quot;:&quot;https:\\\/\\\/youtu.be\\\/NU7LcUP4BRw?si=drVxKI0ohjeLSFxg&quot;,&quot;modestbranding&quot;:&quot;yes&quot;,&quot;video_type&quot;:&quot;youtube&quot;,&quot;controls&quot;:&quot;yes&quot;}\" data-widget_type=\"video.default\">\n\t\t\t\t<div class=\"elementor-widget-container\">\n\t\t\t\t\t<div class=\"elementor-wrapper elementor-open-inline\">\n\t\t\t<div class=\"elementor-video\"><\/div>\t\t<\/div>\n\t\t\t\t<\/div>\n\t\t\t\t<\/div>\n\t\t\t\t<div class=\"elementor-element elementor-element-3c29b02f elementor-widget elementor-widget-text-editor\" data-id=\"3c29b02f\" data-element_type=\"widget\" data-widget_type=\"text-editor.default\">\n\t\t\t\t<div class=\"elementor-widget-container\">\n\t\t\t\t\t\t\tIK Yellow &#8211; Gi\u1ea5y V\u0103n Ph\u00f2ng \u0110a N\u0103ng\t\t\t\t\t\t<\/div>\n\t\t\t\t<\/div>\n\t\t\t\t<div class=\"elementor-element elementor-element-24bbe738 elementor-widget elementor-widget-text-editor\" data-id=\"24bbe738\" data-element_type=\"widget\" data-widget_type=\"text-editor.default\">\n\t\t\t\t<div class=\"elementor-widget-container\">\n\t\t\t\t\t\t\tS\u1ef1 xu\u1ea5t s\u1eafc, ch\u1ea5t l\u01b0\u1ee3ng cao v\u00e0 quy tr\u00ecnh s\u1ea3n xu\u1ea5t b\u1ec1n v\u1eefng \u0111\u00e3 khi\u1ebfn Gi\u1ea5y V\u0103n Ph\u00f2ng \u0110a N\u0103ng IK Yellow tr\u1edf th\u00e0nh l\u1ef1a ch\u1ecdn h\u00e0ng \u0111\u1ea7u c\u1ee7a ng\u01b0\u1eddi ti\u00eau d\u00f9ng Malaysia.\t\t\t\t\t\t<\/div>\n\t\t\t\t<\/div>\n\t\t\t\t\t<\/div>\n\t\t\t\t<\/div>\n\t\t\t\t<\/div>\n\t\t\t\t<div data-elementor-type=\"loop-item\" data-elementor-id=\"6107\" class=\"elementor elementor-6107 e-loop-item e-loop-item-6102 post-6102 video type-video status-publish hentry\" data-elementor-post-type=\"elementor_library\" data-custom-edit-handle=\"1\">\n\t\t\t<div data-premium-element-link=\"{&quot;type&quot;:&quot;url&quot;,&quot;link&quot;:{&quot;url&quot;:&quot;https:\\\/\\\/www.youtube.com\\\/watch?v=pa47u7n2wos?v=1&quot;,&quot;is_external&quot;:&quot;on&quot;,&quot;nofollow&quot;:&quot;&quot;,&quot;custom_attributes&quot;:&quot;&quot;},&quot;href&quot;:&quot;https:\\\/\\\/www.youtube.com\\\/watch?v=pa47u7n2wos?v=1&quot;}\" style=\"cursor: pointer\" class=\"elementor-element elementor-element-48df63e1 e-flex e-con-boxed e-con e-parent\" data-id=\"48df63e1\" data-element_type=\"container\" data-settings=\"{&quot;jet_parallax_layout_list&quot;:[],&quot;background_background&quot;:&quot;classic&quot;}\">\n\t\t\t\t\t<div class=\"e-con-inner\">\n\t\t\t\t<div class=\"elementor-element elementor-element-66f4ad5f elementor-widget elementor-widget-video\" data-id=\"66f4ad5f\" data-element_type=\"widget\" data-settings=\"{&quot;youtube_url&quot;:&quot;https:\\\/\\\/youtu.be\\\/kjgpUPtuhCs?si=_KTbU8BXTKCVlwRi&quot;,&quot;modestbranding&quot;:&quot;yes&quot;,&quot;video_type&quot;:&quot;youtube&quot;,&quot;controls&quot;:&quot;yes&quot;}\" data-widget_type=\"video.default\">\n\t\t\t\t<div class=\"elementor-widget-container\">\n\t\t\t\t\t<div class=\"elementor-wrapper elementor-open-inline\">\n\t\t\t<div class=\"elementor-video\"><\/div>\t\t<\/div>\n\t\t\t\t<\/div>\n\t\t\t\t<\/div>\n\t\t\t\t<div class=\"elementor-element elementor-element-3c29b02f elementor-widget elementor-widget-text-editor\" data-id=\"3c29b02f\" data-element_type=\"widget\" data-widget_type=\"text-editor.default\">\n\t\t\t\t<div class=\"elementor-widget-container\">\n\t\t\t\t\t\t\tChi\u1ebfn D\u1ecbch IK Yellow Tr\u00ean MRT\t\t\t\t\t\t<\/div>\n\t\t\t\t<\/div>\n\t\t\t\t<div class=\"elementor-element elementor-element-24bbe738 elementor-widget elementor-widget-text-editor\" data-id=\"24bbe738\" data-element_type=\"widget\" data-widget_type=\"text-editor.default\">\n\t\t\t\t<div class=\"elementor-widget-container\">\n\t\t\t\t\t\t\tIK Yellow \u0111\u00e3 n\u00e2ng cao nh\u1eadn di\u1ec7n th\u01b0\u01a1ng hi\u1ec7u v\u00e0 m\u1ee9c \u0111\u1ed9 hi\u1ec7n di\u1ec7n b\u1eb1ng c\u00e1ch d\u00e1n qu\u1ea3ng c\u00e1o l\u00ean c\u1eeda ch\u1eafn s\u00e2n ga v\u00e0 c\u00e1c toa t\u00e0u MRT.\t\t\t\t\t\t<\/div>\n\t\t\t\t<\/div>\n\t\t\t\t\t<\/div>\n\t\t\t\t<\/div>\n\t\t\t\t<\/div>\n\t\t\t\t<div data-elementor-type=\"loop-item\" data-elementor-id=\"6107\" class=\"elementor elementor-6107 e-loop-item e-loop-item-6100 post-6100 video type-video status-publish hentry\" data-elementor-post-type=\"elementor_library\" data-custom-edit-handle=\"1\">\n\t\t\t<div data-premium-element-link=\"{&quot;type&quot;:&quot;url&quot;,&quot;link&quot;:{&quot;url&quot;:&quot;https:\\\/\\\/www.youtube.com\\\/watch?v=pa47u7n2wos?v=1&quot;,&quot;is_external&quot;:&quot;on&quot;,&quot;nofollow&quot;:&quot;&quot;,&quot;custom_attributes&quot;:&quot;&quot;},&quot;href&quot;:&quot;https:\\\/\\\/www.youtube.com\\\/watch?v=pa47u7n2wos?v=1&quot;}\" style=\"cursor: pointer\" class=\"elementor-element elementor-element-48df63e1 e-flex e-con-boxed e-con e-parent\" data-id=\"48df63e1\" data-element_type=\"container\" data-settings=\"{&quot;jet_parallax_layout_list&quot;:[],&quot;background_background&quot;:&quot;classic&quot;}\">\n\t\t\t\t\t<div class=\"e-con-inner\">\n\t\t\t\t<div class=\"elementor-element elementor-element-66f4ad5f elementor-widget elementor-widget-video\" data-id=\"66f4ad5f\" data-element_type=\"widget\" data-settings=\"{&quot;youtube_url&quot;:&quot;https:\\\/\\\/youtu.be\\\/lt4_amcLBlU?si=3-UlKV5B5f7eS_62&quot;,&quot;modestbranding&quot;:&quot;yes&quot;,&quot;video_type&quot;:&quot;youtube&quot;,&quot;controls&quot;:&quot;yes&quot;}\" data-widget_type=\"video.default\">\n\t\t\t\t<div class=\"elementor-widget-container\">\n\t\t\t\t\t<div class=\"elementor-wrapper elementor-open-inline\">\n\t\t\t<div class=\"elementor-video\"><\/div>\t\t<\/div>\n\t\t\t\t<\/div>\n\t\t\t\t<\/div>\n\t\t\t\t<div class=\"elementor-element elementor-element-3c29b02f elementor-widget elementor-widget-text-editor\" data-id=\"3c29b02f\" data-element_type=\"widget\" data-widget_type=\"text-editor.default\">\n\t\t\t\t<div class=\"elementor-widget-container\">\n\t\t\t\t\t\t\tCu\u1ed9c Thi T\u00ecm Kho B\u00e1u IK Yellow T\u1ea1i Mydin\t\t\t\t\t\t<\/div>\n\t\t\t\t<\/div>\n\t\t\t\t<div class=\"elementor-element elementor-element-24bbe738 elementor-widget elementor-widget-text-editor\" data-id=\"24bbe738\" data-element_type=\"widget\" data-widget_type=\"text-editor.default\">\n\t\t\t\t<div class=\"elementor-widget-container\">\n\t\t\t\t\t\t\tIK Yellow \u0111\u00e3 m\u1eddi kh\u00e1n gi\u1ea3 tham gia cu\u1ed9c thi t\u00ecm kho b\u00e1u v\u00e0o ng\u00e0y 18 th\u00e1ng 1 n\u0103m 2020, v\u1edbi t\u1ed5ng gi\u00e1 tr\u1ecb gi\u1ea3i th\u01b0\u1edfng l\u00ean \u0111\u1ebfn RM22,000!\t\t\t\t\t\t<\/div>\n\t\t\t\t<\/div>\n\t\t\t\t\t<\/div>\n\t\t\t\t<\/div>\n\t\t\t\t<\/div>\n\t\t\t\t<div data-elementor-type=\"loop-item\" data-elementor-id=\"6107\" class=\"elementor elementor-6107 e-loop-item e-loop-item-6099 post-6099 video type-video status-publish hentry\" data-elementor-post-type=\"elementor_library\" data-custom-edit-handle=\"1\">\n\t\t\t<div data-premium-element-link=\"{&quot;type&quot;:&quot;url&quot;,&quot;link&quot;:{&quot;url&quot;:&quot;https:\\\/\\\/www.youtube.com\\\/watch?v=pa47u7n2wos?v=1&quot;,&quot;is_external&quot;:&quot;on&quot;,&quot;nofollow&quot;:&quot;&quot;,&quot;custom_attributes&quot;:&quot;&quot;},&quot;href&quot;:&quot;https:\\\/\\\/www.youtube.com\\\/watch?v=pa47u7n2wos?v=1&quot;}\" style=\"cursor: pointer\" class=\"elementor-element elementor-element-48df63e1 e-flex e-con-boxed e-con e-parent\" data-id=\"48df63e1\" data-element_type=\"container\" data-settings=\"{&quot;jet_parallax_layout_list&quot;:[],&quot;background_background&quot;:&quot;classic&quot;}\">\n\t\t\t\t\t<div class=\"e-con-inner\">\n\t\t\t\t<div class=\"elementor-element elementor-element-66f4ad5f elementor-widget elementor-widget-video\" data-id=\"66f4ad5f\" data-element_type=\"widget\" data-settings=\"{&quot;youtube_url&quot;:&quot;https:\\\/\\\/youtu.be\\\/FMUL5ulKnz0?si=GHr6UC5lcVfQJf82&quot;,&quot;modestbranding&quot;:&quot;yes&quot;,&quot;video_type&quot;:&quot;youtube&quot;,&quot;controls&quot;:&quot;yes&quot;}\" data-widget_type=\"video.default\">\n\t\t\t\t<div class=\"elementor-widget-container\">\n\t\t\t\t\t<div class=\"elementor-wrapper elementor-open-inline\">\n\t\t\t<div class=\"elementor-video\"><\/div>\t\t<\/div>\n\t\t\t\t<\/div>\n\t\t\t\t<\/div>\n\t\t\t\t<div class=\"elementor-element elementor-element-3c29b02f elementor-widget elementor-widget-text-editor\" data-id=\"3c29b02f\" data-element_type=\"widget\" data-widget_type=\"text-editor.default\">\n\t\t\t\t<div class=\"elementor-widget-container\">\n\t\t\t\t\t\t\tChuy\u1ebfn Mua S\u1eafm Th\u1ea3 Ga IK Yellow T\u1ea1i Giant 2020\t\t\t\t\t\t<\/div>\n\t\t\t\t<\/div>\n\t\t\t\t<div class=\"elementor-element elementor-element-24bbe738 elementor-widget elementor-widget-text-editor\" data-id=\"24bbe738\" data-element_type=\"widget\" data-widget_type=\"text-editor.default\">\n\t\t\t\t<div class=\"elementor-widget-container\">\n\t\t\t\t\t\t\tDi\u1ec5n ra v\u00e0o ng\u00e0y 29 th\u00e1ng 2 n\u0103m 2020, IK Yellow \u0111\u00e3 m\u1eddi ng\u01b0\u1eddi tham gia tham d\u1ef1 Chuy\u1ebfn Mua S\u1eafm Th\u1ea3 Ga v\u1edbi t\u1ed5ng gi\u00e1 tr\u1ecb gi\u1ea3i th\u01b0\u1edfng l\u00ean \u0111\u1ebfn RM18,000!\t\t\t\t\t\t<\/div>\n\t\t\t\t<\/div>\n\t\t\t\t\t<\/div>\n\t\t\t\t<\/div>\n\t\t\t\t<\/div>\n\t\t\t\t<\/div>\n\t\t\n\t\t\t\t<\/div>\n\t\t\t\t<\/div>\n\t\t\t\t\t<\/div>\n\t\t\t\t<\/div>\n\t\t\t\t<\/div>","protected":false},"excerpt":{"rendered":"<p>Videos H\u00e3y xem c\u00e1c video n\u1ed5i b\u1eadt c\u1ee7a ch\u00fang t\u00f4i tr\u00ean trang YouTube IK Yellow<\/p>","protected":false},"author":1,"featured_media":0,"parent":0,"menu_order":0,"comment_status":"closed","ping_status":"closed","template":"","meta":{"_acf_changed":false,"footnotes":""},"class_list":["post-3999","page","type-page","status-publish","hentry"],"acf":[],"_links":{"self":[{"href":"https:\/\/vn.ikyellowpaper.com\/vi\/wp-json\/wp\/v2\/pages\/3999","targetHints":{"allow":["GET"]}}],"collection":[{"href":"https:\/\/vn.ikyellowpaper.com\/vi\/wp-json\/wp\/v2\/pages"}],"about":[{"href":"https:\/\/vn.ikyellowpaper.com\/vi\/wp-json\/wp\/v2\/types\/page"}],"author":[{"embeddable":true,"href":"https:\/\/vn.ikyellowpaper.com\/vi\/wp-json\/wp\/v2\/users\/1"}],"replies":[{"embeddable":true,"href":"https:\/\/vn.ikyellowpaper.com\/vi\/wp-json\/wp\/v2\/comments?post=3999"}],"version-history":[{"count":40,"href":"https:\/\/vn.ikyellowpaper.com\/vi\/wp-json\/wp\/v2\/pages\/3999\/revisions"}],"predecessor-version":[{"id":6281,"href":"https:\/\/vn.ikyellowpaper.com\/vi\/wp-json\/wp\/v2\/pages\/3999\/revisions\/6281"}],"wp:attachment":[{"href":"https:\/\/vn.ikyellowpaper.com\/vi\/wp-json\/wp\/v2\/media?parent=3999"}],"curies":[{"name":"wp","href":"https:\/\/api.w.org\/{rel}","templated":true}]}}