








{"id":4764,"date":"2025-02-25T10:29:52","date_gmt":"2025-02-25T10:29:52","guid":{"rendered":"https:\/\/vn.ikyellowpaper.com\/?page_id=4764"},"modified":"2025-06-23T18:46:02","modified_gmt":"2025-06-23T18:46:02","slug":"shop-online","status":"publish","type":"page","link":"https:\/\/vn.ikyellowpaper.com\/vi\/shop-online\/","title":{"rendered":"Shop Online"},"content":{"rendered":"<div data-elementor-type=\"wp-page\" data-elementor-id=\"4764\" class=\"elementor elementor-4764\" data-elementor-post-type=\"page\">\n\t\t\t\t<div class=\"elementor-element elementor-element-232c3c2 e-con-full e-flex e-con e-parent\" data-id=\"232c3c2\" data-element_type=\"container\" data-settings=\"{&quot;background_background&quot;:&quot;classic&quot;,&quot;background_motion_fx_motion_fx_scrolling&quot;:&quot;yes&quot;,&quot;background_motion_fx_blur_effect&quot;:&quot;yes&quot;,&quot;background_motion_fx_blur_level&quot;:{&quot;unit&quot;:&quot;px&quot;,&quot;size&quot;:4.896,&quot;sizes&quot;:[]},&quot;jet_parallax_layout_list&quot;:[],&quot;background_motion_fx_blur_direction&quot;:&quot;out-in&quot;,&quot;background_motion_fx_blur_range&quot;:{&quot;unit&quot;:&quot;%&quot;,&quot;size&quot;:&quot;&quot;,&quot;sizes&quot;:{&quot;start&quot;:20,&quot;end&quot;:80}},&quot;background_motion_fx_devices&quot;:[&quot;widescreen&quot;,&quot;desktop&quot;,&quot;laptop&quot;,&quot;tablet_extra&quot;,&quot;tablet&quot;,&quot;mobile&quot;]}\">\n\t\t<div class=\"elementor-element elementor-element-f7f2e56 e-con-full e-flex e-con e-child\" data-id=\"f7f2e56\" data-element_type=\"container\" data-settings=\"{&quot;jet_parallax_layout_list&quot;:[]}\">\n\t\t\t\t<div class=\"elementor-element elementor-element-5374916 elementor-widget elementor-widget-heading\" data-id=\"5374916\" data-element_type=\"widget\" data-widget_type=\"heading.default\">\n\t\t\t\t<div class=\"elementor-widget-container\">\n\t\t\t<h2 class=\"elementor-heading-title elementor-size-default\">Mua S\u1eafm Tr\u1ef1c Tuy\u1ebfn<\/h2>\t\t<\/div>\n\t\t\t\t<\/div>\n\t\t\t\t<\/div>\n\t\t\t\t<\/div>\n\t\t\t\t<section class=\"elementor-section elementor-top-section elementor-element elementor-element-b36b251 elementor-section-boxed elementor-section-height-default elementor-section-height-default\" data-id=\"b36b251\" data-element_type=\"section\" data-settings=\"{&quot;jet_parallax_layout_list&quot;:[]}\">\n\t\t\t\t\t\t<div class=\"elementor-container elementor-column-gap-no\">\n\t\t\t\t\t<div class=\"elementor-column elementor-col-100 elementor-top-column elementor-element elementor-element-385eab7\" data-id=\"385eab7\" data-element_type=\"column\">\n\t\t\t<div class=\"elementor-widget-wrap elementor-element-populated\">\n\t\t\t\t\t\t<div class=\"elementor-element elementor-element-4e013a8 elementor-fixed elementor-widget__width-initial elementor-widget elementor-widget-shortcode\" data-id=\"4e013a8\" data-element_type=\"widget\" data-settings=\"{&quot;_position&quot;:&quot;fixed&quot;}\" data-widget_type=\"shortcode.default\">\n\t\t\t\t<div class=\"elementor-widget-container\">\n\t\t\t\t\t<div class=\"elementor-shortcode\">\t\t<div data-elementor-type=\"section\" data-elementor-id=\"1882\" class=\"elementor elementor-1882\" data-elementor-post-type=\"elementor_library\">\n\t\t\t<div class=\"elementor-element elementor-element-71c7a8f e-con-full elementor-hidden-widescreen elementor-hidden-desktop elementor-hidden-laptop elementor-hidden-tablet_extra elementor-hidden-tablet elementor-hidden-mobile e-flex e-con e-parent\" data-id=\"71c7a8f\" data-element_type=\"container\" data-settings=\"{&quot;jet_parallax_layout_list&quot;:[]}\">\n\t\t\t\t<\/div>\n\t\t\t\t<\/div>\n\t\t<\/div>\n\t\t\t\t<\/div>\n\t\t\t\t<\/div>\n\t\t\t\t\t<\/div>\n\t\t<\/div>\n\t\t\t\t\t<\/div>\n\t\t<\/section>\n\t\t\t\t<section class=\"elementor-section elementor-top-section elementor-element elementor-element-19126a9 elementor-section-boxed elementor-section-height-default elementor-section-height-default\" data-id=\"19126a9\" data-element_type=\"section\" data-settings=\"{&quot;jet_parallax_layout_list&quot;:[]}\">\n\t\t\t\t\t\t<div class=\"elementor-container elementor-column-gap-no\">\n\t\t\t\t\t<div class=\"elementor-column elementor-col-100 elementor-top-column elementor-element elementor-element-32f4626\" data-id=\"32f4626\" data-element_type=\"column\">\n\t\t\t<div class=\"elementor-widget-wrap elementor-element-populated\">\n\t\t\t\t\t\t<section class=\"elementor-section elementor-inner-section elementor-element elementor-element-7cfa6f9 elementor-section-full_width elementor-section-height-default elementor-section-height-default\" data-id=\"7cfa6f9\" data-element_type=\"section\" data-settings=\"{&quot;jet_parallax_layout_list&quot;:[]}\">\n\t\t\t\t\t\t<div class=\"elementor-container elementor-column-gap-no\">\n\t\t\t\t\t<div class=\"elementor-column elementor-col-50 elementor-inner-column elementor-element elementor-element-83e6312\" data-id=\"83e6312\" data-element_type=\"column\" data-settings=\"{&quot;background_background&quot;:&quot;gradient&quot;}\">\n\t\t\t<div class=\"elementor-widget-wrap elementor-element-populated\">\n\t\t\t\t\t\t<div class=\"elementor-element elementor-element-67e4a0a elementor-widget elementor-widget-image\" data-id=\"67e4a0a\" data-element_type=\"widget\" data-widget_type=\"image.default\">\n\t\t\t\t<div class=\"elementor-widget-container\">\n\t\t\t\t\t\t\t\t\t\t\t\t\t<img fetchpriority=\"high\" decoding=\"async\" width=\"800\" height=\"210\" src=\"https:\/\/vn.ikyellowpaper.com\/wp-content\/uploads\/2024\/11\/Lazada-logo.png\" class=\"attachment-large size-large wp-image-2119\" alt=\"\" srcset=\"https:\/\/vn.ikyellowpaper.com\/wp-content\/uploads\/2024\/11\/Lazada-logo.png 800w, https:\/\/vn.ikyellowpaper.com\/wp-content\/uploads\/2024\/11\/Lazada-logo-300x79.png 300w, https:\/\/vn.ikyellowpaper.com\/wp-content\/uploads\/2024\/11\/Lazada-logo-768x202.png 768w\" sizes=\"(max-width: 800px) 100vw, 800px\" \/>\t\t\t\t\t\t\t\t\t\t\t\t\t<\/div>\n\t\t\t\t<\/div>\n\t\t\t\t<div class=\"elementor-element elementor-element-67f5e03 elementor-align-center elementor-widget__width-inherit elementor-widget elementor-widget-button\" data-id=\"67f5e03\" data-element_type=\"widget\" data-widget_type=\"button.default\">\n\t\t\t\t<div class=\"elementor-widget-container\">\n\t\t\t\t\t\t\t<div class=\"elementor-button-wrapper\">\n\t\t\t\t\t<a class=\"elementor-button elementor-button-link elementor-size-sm\" href=\"https:\/\/www.lazada.com.my\/shop\/ik-yellow-flagship-store\/\">\n\t\t\t\t\t\t<span class=\"elementor-button-content-wrapper\">\n\t\t\t\t\t\t\t\t\t<span class=\"elementor-button-text\">Mua Ngay<\/span>\n\t\t\t\t\t<\/span>\n\t\t\t\t\t<\/a>\n\t\t\t\t<\/div>\n\t\t\t\t\t\t<\/div>\n\t\t\t\t<\/div>\n\t\t\t\t\t<\/div>\n\t\t<\/div>\n\t\t\t\t<div class=\"elementor-column elementor-col-50 elementor-inner-column elementor-element elementor-element-ff0157d\" data-id=\"ff0157d\" data-element_type=\"column\" data-settings=\"{&quot;background_background&quot;:&quot;gradient&quot;}\">\n\t\t\t<div class=\"elementor-widget-wrap elementor-element-populated\">\n\t\t\t\t\t\t<div class=\"elementor-element elementor-element-795d4d0 elementor-widget elementor-widget-image\" data-id=\"795d4d0\" data-element_type=\"widget\" data-widget_type=\"image.default\">\n\t\t\t\t<div class=\"elementor-widget-container\">\n\t\t\t\t\t\t\t\t\t\t\t\t\t<img decoding=\"async\" width=\"800\" height=\"244\" src=\"https:\/\/vn.ikyellowpaper.com\/wp-content\/uploads\/2024\/11\/Shopee-Logo-e1731217331390-1024x312.png\" class=\"attachment-large size-large wp-image-2132\" alt=\"\" srcset=\"https:\/\/vn.ikyellowpaper.com\/wp-content\/uploads\/2024\/11\/Shopee-Logo-e1731217331390-1024x312.png 1024w, https:\/\/vn.ikyellowpaper.com\/wp-content\/uploads\/2024\/11\/Shopee-Logo-e1731217331390-300x91.png 300w, https:\/\/vn.ikyellowpaper.com\/wp-content\/uploads\/2024\/11\/Shopee-Logo-e1731217331390-768x234.png 768w, https:\/\/vn.ikyellowpaper.com\/wp-content\/uploads\/2024\/11\/Shopee-Logo-e1731217331390-1536x468.png 1536w, https:\/\/vn.ikyellowpaper.com\/wp-content\/uploads\/2024\/11\/Shopee-Logo-e1731217331390-2048x625.png 2048w\" sizes=\"(max-width: 800px) 100vw, 800px\" \/>\t\t\t\t\t\t\t\t\t\t\t\t\t<\/div>\n\t\t\t\t<\/div>\n\t\t\t\t<div class=\"elementor-element elementor-element-df3accb elementor-align-center elementor-widget__width-inherit elementor-widget elementor-widget-button\" data-id=\"df3accb\" data-element_type=\"widget\" data-widget_type=\"button.default\">\n\t\t\t\t<div class=\"elementor-widget-container\">\n\t\t\t\t\t\t\t<div class=\"elementor-button-wrapper\">\n\t\t\t\t\t<a class=\"elementor-button elementor-button-link elementor-size-sm\" href=\"https:\/\/shopee.com.my\/ikyellowofficialstore\">\n\t\t\t\t\t\t<span class=\"elementor-button-content-wrapper\">\n\t\t\t\t\t\t\t\t\t<span class=\"elementor-button-text\">Mua Ngay<\/span>\n\t\t\t\t\t<\/span>\n\t\t\t\t\t<\/a>\n\t\t\t\t<\/div>\n\t\t\t\t\t\t<\/div>\n\t\t\t\t<\/div>\n\t\t\t\t\t<\/div>\n\t\t<\/div>\n\t\t\t\t\t<\/div>\n\t\t<\/section>\n\t\t\t\t<div class=\"elementor-element elementor-element-118cb08 elementor-widget elementor-widget-heading\" data-id=\"118cb08\" data-element_type=\"widget\" data-widget_type=\"heading.default\">\n\t\t\t\t<div class=\"elementor-widget-container\">\n\t\t\t<h2 class=\"elementor-heading-title elementor-size-default\">Kh\u00f4ng Ch\u1eafc B\u1ea1n C\u1ea7n G\u00ec?<\/h2>\t\t<\/div>\n\t\t\t\t<\/div>\n\t\t\t\t<div class=\"elementor-element elementor-element-3096972 elementor-widget elementor-widget-text-editor\" data-id=\"3096972\" data-element_type=\"widget\" data-widget_type=\"text-editor.default\">\n\t\t\t\t<div class=\"elementor-widget-container\">\n\t\t\t\t\t\t\t<p>IK Yellow c\u00f3 lo\u1ea1i gi\u1ea5y ph\u00f9 h\u1ee3p cho m\u1ecdi nhu c\u1ea7u s\u1eed d\u1ee5ng c\u1ee7a b\u1ea1n.<\/p><p>H\u00e3y tr\u00f2 chuy\u1ec7n v\u1edbi c\u00e1c chuy\u00ean gia s\u1ea3n ph\u1ea9m c\u1ee7a ch\u00fang t\u00f4i \u0111\u1ec3 nh\u1eadn \u0111\u01b0\u1ee3c l\u1eddi khuy\u00ean t\u1ed1t h\u01a1n.<\/p>\t\t\t\t\t\t<\/div>\n\t\t\t\t<\/div>\n\t\t\t\t<div class=\"elementor-element elementor-element-f036c7f elementor-align-center elementor-widget__width-inherit elementor-widget elementor-widget-button\" data-id=\"f036c7f\" data-element_type=\"widget\" data-widget_type=\"button.default\">\n\t\t\t\t<div class=\"elementor-widget-container\">\n\t\t\t\t\t\t\t<div class=\"elementor-button-wrapper\">\n\t\t\t\t\t<a class=\"elementor-button elementor-button-link elementor-size-sm\" href=\"https:\/\/vn.ikyellowpaper.com\/vi\/contact-us-2\/\">\n\t\t\t\t\t\t<span class=\"elementor-button-content-wrapper\">\n\t\t\t\t\t\t\t\t\t<span class=\"elementor-button-text\">Li\u00ean H\u1ec7 V\u1edbi Ch\u00fang T\u00f4i<\/span>\n\t\t\t\t\t<\/span>\n\t\t\t\t\t<\/a>\n\t\t\t\t<\/div>\n\t\t\t\t\t\t<\/div>\n\t\t\t\t<\/div>\n\t\t\t\t\t<\/div>\n\t\t<\/div>\n\t\t\t\t\t<\/div>\n\t\t<\/section>\n\t\t\t\t<\/div>","protected":false},"excerpt":{"rendered":"<p>Mua S\u1eafm Tr\u1ef1c Tuy\u1ebfn Mua Ngay Mua Ngay Kh\u00f4ng Ch\u1eafc B\u1ea1n C\u1ea7n G\u00ec? IK Yellow c\u00f3 lo\u1ea1i gi\u1ea5y ph\u00f9 h\u1ee3p cho m\u1ecdi nhu c\u1ea7u s\u1eed d\u1ee5ng c\u1ee7a b\u1ea1n. H\u00e3y tr\u00f2 chuy\u1ec7n v\u1edbi c\u00e1c chuy\u00ean gia s\u1ea3n ph\u1ea9m c\u1ee7a ch\u00fang t\u00f4i \u0111\u1ec3 nh\u1eadn \u0111\u01b0\u1ee3c l\u1eddi khuy\u00ean t\u1ed1t h\u01a1n. Li\u00ean H\u1ec7 V\u1edbi Ch\u00fang T\u00f4i<\/p>","protected":false},"author":1,"featured_media":0,"parent":0,"menu_order":0,"comment_status":"closed","ping_status":"closed","template":"elementor_header_footer","meta":{"_acf_changed":false,"footnotes":""},"class_list":["post-4764","page","type-page","status-publish","hentry"],"acf":[],"_links":{"self":[{"href":"https:\/\/vn.ikyellowpaper.com\/vi\/wp-json\/wp\/v2\/pages\/4764","targetHints":{"allow":["GET"]}}],"collection":[{"href":"https:\/\/vn.ikyellowpaper.com\/vi\/wp-json\/wp\/v2\/pages"}],"about":[{"href":"https:\/\/vn.ikyellowpaper.com\/vi\/wp-json\/wp\/v2\/types\/page"}],"author":[{"embeddable":true,"href":"https:\/\/vn.ikyellowpaper.com\/vi\/wp-json\/wp\/v2\/users\/1"}],"replies":[{"embeddable":true,"href":"https:\/\/vn.ikyellowpaper.com\/vi\/wp-json\/wp\/v2\/comments?post=4764"}],"version-history":[{"count":25,"href":"https:\/\/vn.ikyellowpaper.com\/vi\/wp-json\/wp\/v2\/pages\/4764\/revisions"}],"predecessor-version":[{"id":6302,"href":"https:\/\/vn.ikyellowpaper.com\/vi\/wp-json\/wp\/v2\/pages\/4764\/revisions\/6302"}],"wp:attachment":[{"href":"https:\/\/vn.ikyellowpaper.com\/vi\/wp-json\/wp\/v2\/media?parent=4764"}],"curies":[{"name":"wp","href":"https:\/\/api.w.org\/{rel}","templated":true}]}}